{"id":318,"date":"2018-11-08T14:01:46","date_gmt":"2018-11-08T17:01:46","guid":{"rendered":"https:\/\/frsnweb2.frsn.utn.edu.ar\/?page_id=318"},"modified":"2026-03-30T12:42:40","modified_gmt":"2026-03-30T15:42:40","slug":"becas-estudiantiles","status":"publish","type":"page","link":"https:\/\/www.frsn.utn.edu.ar\/?page_id=318","title":{"rendered":"Becas estudiantiles"},"content":{"rendered":"\n<p>La Facultad Regional San Nicol\u00e1s ofrece a los estudiantes de la instituci\u00f3n las Becas UTN para la participaci\u00f3n en distintas \u00e1reas de la facultad y\/o el acompa\u00f1amiento econ\u00f3mico para aquellos que lo requieran. Las becas disponibles se dividen en:<\/p>\n\n\n\n<ul>\n<li><strong>Becas de Investigaci\u00f3n<\/strong>: otorgadas a estudiantes interesados en participar en las distintas \u00e1reas departamentales en proyectos de investigaci\u00f3n.<\/li>\n\n\n\n<li><strong>Becas de servicio<\/strong>: otorgadas a estudiantes interesados en participar en actividades no administrativas que cubran necesidades de la Unidad Acad\u00e9mica.<\/li>\n\n\n\n<li><strong>Becas Acompa\u00f1ar<\/strong>: para satisfacer necesidades b\u00e1sicas de los estudiantes, como transporte, apuntes, residencia y todas aquellas que limiten directamente sus posibilidades de estudio.<\/li>\n<\/ul>\n\n\n\n<p>Los requisitos para poder acceder a las becas son:<\/p>\n\n\n\n<p><strong>Becas de Servicio e Investigaci\u00f3n<br><\/strong>\u2022 Ser alumno\/a regular de la Facultad Regional San Nicol\u00e1s.<br>\u2022 No tener t\u00edtulo universitario o terciario.<br>\u2022 Si estas cursando, hacerlo en como m\u00ednimo 3 materias.<\/p>\n\n\n\n<p><strong>Becas Acompa\u00f1ar<br><\/strong>\u2022 Ser alumno\/a regular.<br>\u2022 Los ingresos totales del n\u00facleo familiar no podr\u00e1n superar 3 veces el Salario M\u00ednimo Vital y M\u00f3vil.<br>\u2022 Cursar como m\u00ednimo en 3 materias durante el a\u00f1o de asignaci\u00f3n de la beca.<\/p>\n\n\n\n<p><strong>Importante:<br><\/strong>A la hora de tramitar la inscripci\u00f3n a las Becas Acompa\u00f1ar procura tener a mano la siguiente documentaci\u00f3n.<\/p>\n\n\n\n<p>a) En todos los casos:<\/p>\n\n\n\n<ul>\n<li>Fotocopia de DNI (propia y de cada integrante del grupo familiar).<\/li>\n\n\n\n<li>Certificaci\u00f3n negativa (propia y de cada integrante del grupo familiar). La misma se extrae de forma online a trav\u00e9s de ANSES. En caso de que la misma sea denegada adjuntar una captura de pantalla de esta.<\/li>\n\n\n\n<li>Ultima Boleta (paga o impaga) de electricidad, gas \u00f3 tel\u00e9fono del domicilio que habita.<\/li>\n<\/ul>\n\n\n\n<p>b) Cuando corresponda:<\/p>\n\n\n\n<ul>\n<li>Para cada uno de los casos en los que la certificaci\u00f3n negativa sea denegada adjuntar: recibos de sueldo, o de cobro, de aquellos integrantes del grupo familiar que trabajan en relaci\u00f3n de dependencia, son jubilados o pensionados; y\/o declaraci\u00f3n jurada de aquellos que trabajan como monotributistas.<\/li>\n\n\n\n<li>Copia del contrato de alquiler y recibo de pago m\u00e1s reciente en caso de ser inquilinos.<\/li>\n\n\n\n<li>Factura m\u00e1s reciente de pago de cr\u00e9dito Hipotecario en caso de habitar domicilio con deuda hipotecaria.<\/li>\n\n\n\n<li>Partida de nacimiento de integrantes del grupo familiar menores de 18 a\u00f1os.<\/li>\n\n\n\n<li>Partida de nacimiento de cada hijo menor de 18 a\u00f1os.<\/li>\n\n\n\n<li>Certificado de discapacidad de integrantes del grupo familiar con esa condici\u00f3n.<\/li>\n<\/ul>\n\n\n\n<p>Hay que recordar que se podr\u00e1 acceder a como m\u00e1ximo dos m\u00f3dulos de beca de servicio y\/o investigaci\u00f3n y un m\u00f3dulo de beca Acompa\u00f1ar.<\/p>\n\n\n\n<p>La Regional San Nicolas tambi\u00e9n articula con distintas empresas del sector privado como YPF, Fundaci\u00f3n Roberto Rocca, entre otras, las cuales ofrecen becas a estudiantes universitarios. Cualquier consulta sobre la disponibilidad de estas mismas consultar a la secretaria de Estudiantes.<\/p>\n\n\n\n<p><strong>Material de descarga<\/strong><\/p>\n\n\n\n<p><a href=\"https:\/\/www.frsn.utn.edu.ar\/wp-content\/uploads\/2026\/03\/Regalamento-de-Becas-Ord.-1180.pdf\" target=\"_blank\" rel=\"noreferrer noopener\">Reglamento de becas<\/a><\/p>\n\n\n\n<p><a href=\"https:\/\/www.frsn.utn.edu.ar\/wp-content\/uploads\/2026\/03\/Areas-Becas-UTN-2026-1.pdf\">\u00c1reas para prestar servicios<\/a><\/p>\n\n\n\n<p><a href=\"https:\/\/frsnutneduar-my.sharepoint.com\/personal\/se_frsn_utn_edu_ar\/_layouts\/15\/stream.aspx?sw=bypass&amp;bypassReason=abandoned&amp;id=%2Fpersonal%2Fse_frsn_utn_edu_ar%2FDocuments%2F2026%2FBECAS%2FBECAS%20UTN%2FVideos%20tutoriales%2FBecasUTN%2Emp4&amp;ga=1&amp;startedResponseCatch=true&amp;referrer=StreamWebApp%2EWeb&amp;referrerScenario=AddressBarCopied%2Eview%2E122c92f9-c14a-4f72-8db7-3677aea0b6c7\" target=\"_blank\" rel=\"noreferrer noopener\">Tutorial<\/a><\/p>\n","protected":false},"excerpt":{"rendered":"<p>La Facultad Regional San Nicol\u00e1s ofrece a los estudiantes de la instituci\u00f3n las Becas UTN para la participaci\u00f3n en distintas \u00e1reas de la facultad y\/o el acompa\u00f1amiento econ\u00f3mico para aquellos<\/p>\n","protected":false},"author":2,"featured_media":2462,"parent":267,"menu_order":0,"comment_status":"closed","ping_status":"closed","template":"","meta":[],"_links":{"self":[{"href":"https:\/\/www.frsn.utn.edu.ar\/index.php?rest_route=\/wp\/v2\/pages\/318"}],"collection":[{"href":"https:\/\/www.frsn.utn.edu.ar\/index.php?rest_route=\/wp\/v2\/pages"}],"about":[{"href":"https:\/\/www.frsn.utn.edu.ar\/index.php?rest_route=\/wp\/v2\/types\/page"}],"author":[{"embeddable":true,"href":"https:\/\/www.frsn.utn.edu.ar\/index.php?rest_route=\/wp\/v2\/users\/2"}],"replies":[{"embeddable":true,"href":"https:\/\/www.frsn.utn.edu.ar\/index.php?rest_route=%2Fwp%2Fv2%2Fcomments&post=318"}],"version-history":[{"count":10,"href":"https:\/\/www.frsn.utn.edu.ar\/index.php?rest_route=\/wp\/v2\/pages\/318\/revisions"}],"predecessor-version":[{"id":6784,"href":"https:\/\/www.frsn.utn.edu.ar\/index.php?rest_route=\/wp\/v2\/pages\/318\/revisions\/6784"}],"up":[{"embeddable":true,"href":"https:\/\/www.frsn.utn.edu.ar\/index.php?rest_route=\/wp\/v2\/pages\/267"}],"wp:featuredmedia":[{"embeddable":true,"href":"https:\/\/www.frsn.utn.edu.ar\/index.php?rest_route=\/wp\/v2\/media\/2462"}],"wp:attachment":[{"href":"https:\/\/www.frsn.utn.edu.ar\/index.php?rest_route=%2Fwp%2Fv2%2Fmedia&parent=318"}],"curies":[{"name":"wp","href":"https:\/\/api.w.org\/{rel}","templated":true}]}}