{"id":316,"date":"2018-11-08T14:01:30","date_gmt":"2018-11-08T17:01:30","guid":{"rendered":"https:\/\/frsnweb2.frsn.utn.edu.ar\/?page_id=316"},"modified":"2026-05-04T12:43:06","modified_gmt":"2026-05-04T15:43:06","slug":"bolsa-de-trabajo","status":"publish","type":"page","link":"https:\/\/www.frsn.utn.edu.ar\/?page_id=316","title":{"rendered":"B\u00fasquedas laborales"},"content":{"rendered":"\n<p>La Facultad Regional San Nicol\u00e1s de la Universidad Tecnol\u00f3gica Nacional ofrece a las empresas de la regi\u00f3n un servicio de b\u00fasqueda laboral invertida, a trav\u00e9s del cual la instituci\u00f3n recepciona las solicitudes de personal y las difunde por sus canales oficiales.<\/p>\n\n\n\n<p>Este mecanismo permite a las empresas realizar b\u00fasquedas personalizadas, adecuadas a los requerimientos espec\u00edficos de cada puesto, optimizando el proceso de selecci\u00f3n y ampliando el alcance de la convocatoria dentro de la comunidad universitaria. A su vez, estudiantes, graduados y graduadas acceden a oportunidades laborales acordes a su perfil acad\u00e9mico y profesional.<\/p>\n\n\n\n<p>El procedimiento se inicia cuando la empresa se contacta con la Facultad. A partir de este primer contacto, se solicita el detalle de las caracter\u00edsticas de la b\u00fasqueda laboral.<\/p>\n\n\n\n<p>Con la informaci\u00f3n relevada, la Facultad elabora una pieza de difusi\u00f3n que es enviada por correo electr\u00f3nico a estudiantes y graduados, y publicada en los canales institucionales, incluyendo redes sociales, con el objetivo de garantizar una adecuada circulaci\u00f3n de la convocatoria.<\/p>\n\n\n\n<p>De este modo, la Facultad promueve la articulaci\u00f3n entre el \u00e1mbito acad\u00e9mico y el sector socioproductivo, contribuyendo al desarrollo profesional de su comunidad universitaria y al fortalecimiento del entramado productivo regional.<\/p>\n\n\n\n<p>\ud83d\udce9 Contacto:<\/p>\n\n\n\n<p>Secretar\u00eda de Relaciones Institucionales:<\/p>\n\n\n\n<p><a href=\"mailto:institucionales@frsn.utn.edu.ar\">institucionales@frsn.utn.edu.ar<\/a><\/p>\n\n\n\n<p>Secretar\u00eda de Estudiantes:<\/p>\n\n\n\n<p><a href=\"mailto:SE@frsn.utn.edu.ar\">SE@frsn.utn.edu.ar<\/a><\/p>\n\n\n\n<p>Subsecretar\u00eda del Graduado:<\/p>\n\n\n\n<p><a href=\"mailto:dptograduados@frsn.utn.edu.ar\">dptograduados@frsn.utn.edu.ar<\/a><\/p>\n\n\n\n<p><\/p>\n\n\n\n<p><\/p>\n\n\n\n<p><\/p>\n","protected":false},"excerpt":{"rendered":"<p>La Facultad Regional San Nicol\u00e1s de la Universidad Tecnol\u00f3gica Nacional ofrece a las empresas de la regi\u00f3n un servicio de b\u00fasqueda laboral invertida, a trav\u00e9s del cual la instituci\u00f3n recepciona<\/p>\n","protected":false},"author":2,"featured_media":2462,"parent":267,"menu_order":0,"comment_status":"closed","ping_status":"closed","template":"","meta":[],"_links":{"self":[{"href":"https:\/\/www.frsn.utn.edu.ar\/index.php?rest_route=\/wp\/v2\/pages\/316"}],"collection":[{"href":"https:\/\/www.frsn.utn.edu.ar\/index.php?rest_route=\/wp\/v2\/pages"}],"about":[{"href":"https:\/\/www.frsn.utn.edu.ar\/index.php?rest_route=\/wp\/v2\/types\/page"}],"author":[{"embeddable":true,"href":"https:\/\/www.frsn.utn.edu.ar\/index.php?rest_route=\/wp\/v2\/users\/2"}],"replies":[{"embeddable":true,"href":"https:\/\/www.frsn.utn.edu.ar\/index.php?rest_route=%2Fwp%2Fv2%2Fcomments&post=316"}],"version-history":[{"count":5,"href":"https:\/\/www.frsn.utn.edu.ar\/index.php?rest_route=\/wp\/v2\/pages\/316\/revisions"}],"predecessor-version":[{"id":6898,"href":"https:\/\/www.frsn.utn.edu.ar\/index.php?rest_route=\/wp\/v2\/pages\/316\/revisions\/6898"}],"up":[{"embeddable":true,"href":"https:\/\/www.frsn.utn.edu.ar\/index.php?rest_route=\/wp\/v2\/pages\/267"}],"wp:featuredmedia":[{"embeddable":true,"href":"https:\/\/www.frsn.utn.edu.ar\/index.php?rest_route=\/wp\/v2\/media\/2462"}],"wp:attachment":[{"href":"https:\/\/www.frsn.utn.edu.ar\/index.php?rest_route=%2Fwp%2Fv2%2Fmedia&parent=316"}],"curies":[{"name":"wp","href":"https:\/\/api.w.org\/{rel}","templated":true}]}}