{"id":3088,"date":"2023-05-10T10:36:11","date_gmt":"2023-05-10T13:36:11","guid":{"rendered":"https:\/\/frsnweb2.frsn.utn.edu.ar\/?page_id=3088"},"modified":"2023-05-10T10:36:13","modified_gmt":"2023-05-10T13:36:13","slug":"grupo-de-estudio-de-sistemas-de-control-gesic","status":"publish","type":"page","link":"https:\/\/www.frsn.utn.edu.ar\/?page_id=3088","title":{"rendered":"Grupo de Estudio de Sistemas de Control (GESiC)"},"content":{"rendered":"\n<p><strong>Integrantes del GESiC:<\/strong><\/p>\n\n\n\n<p><strong>Coordinador:<\/strong><\/p>\n\n\n\n<p>Mg. Ing. Guillermo Campomar<\/p>\n\n\n\n<p><strong>Docentes Investigadores:<\/strong><\/p>\n\n\n\n<p>Mg. Ing. Alejandro Lucchesi<\/p>\n\n\n\n<p>Ing. Leonardo Garberoglio<\/p>\n\n\n\n<p>Ing. Lisandro De Nicol\u00f3<\/p>\n\n\n\n<p>Ing. Angel Fam\u00e1<\/p>\n\n\n\n<p>Ing. Julio Perez<\/p>\n\n\n\n<p>Sr. Hern\u00e1n Herrera<\/p>\n\n\n\n<p>El Grupo de Estudio de Sistemas de Control comienza sus actividades en el marco del proyecto \u201cEduCo\u2013Educaci\u00f3n y Control\u201d, ganador de la convocatoria a nivel nacional \u201cInnovaci\u00f3n en la escuela media\u201d realizada por Fundaci\u00f3n Antorchas y Escuelas ORT en el periodo 1998-2000. En este marco se desarrollaron y construyeron bancos did\u00e1cticos de control, se adquirieron licencias de software (Factory Suite 2000 de Wonderware y Labview) y equipamiento para la concreci\u00f3n de un laboratorio en el \u00e1rea automatizaci\u00f3n y control.<\/p>\n\n\n\n<p>En el a\u00f1o 2001, particip\u00f3 en el proyecto \u201cRed Escolar de Transferencia Tecnol\u00f3gica\u201d, ganador de la convocatoria a nivel nacional realizada por Fundaci\u00f3n Antorchas y Fundaci\u00f3n YPF, donde se organizaron actividades de capacitaci\u00f3n a docentes de las escuelas de Educaci\u00f3n T\u00e9cnica de las ciudades de Ramallo y Jun\u00edn. Ambos proyectos se desarrollaron en el marco de la articulaci\u00f3n entre la Facultad Regional San Nicol\u00e1s y la Escuela de Educaci\u00f3n T\u00e9cnica N\u00ba 6 de San Nicol\u00e1s.<\/p>\n\n\n\n<p>Simult\u00e1neamente, con el objetivo de establecer v\u00ednculos con instituciones y empresas de la zona, se realizaron actividades de asistencia t\u00e9cnica y capacitaci\u00f3n.<\/p>\n\n\n\n<p>A partir del a\u00f1o 2003, dentro del Departamento de Ingenier\u00eda Electr\u00f3nica de nuestra Facultad, comienza con las actividades de investigaci\u00f3n dirigido por el Dr. Carlos D\u2019Attellis en el marco del proyecto \u201cControl de sistemas din\u00e1micos y sus aplicaciones a la ingenier\u00eda\u201d. Durante ese mismo a\u00f1o organiza junto con el Grupo de An\u00e1lisis y Desarrollo en Ingenier\u00eda Biom\u00e9dica la \u201cD\u00e9cima Reuni\u00f3n de Trabajo en Procesamiento de la Informaci\u00f3n y Control (X RPIC), que convoca bianualmente a investigadores, docentes y alumnos de todo el pa\u00eds con inter\u00e9s en estas \u00e1reas.<\/p>\n\n\n\n<p>El GESiC tiene actualmente tres l\u00edneas de investigaci\u00f3n y desarrollo:<\/p>\n\n\n\n<ul>\n<li>Identificaci\u00f3n de sistemas y ajuste de controladores de proceso.<\/li>\n<\/ul>\n\n\n\n<ul>\n<li>Algoritmos de navegaci\u00f3n, guiado y control coordinado para veh\u00edculos aut\u00f3nomos multi-dominio.<\/li>\n<\/ul>\n\n\n\n<ul>\n<li>Control de convertidores electr\u00f3nicos de potencia.<\/li>\n<\/ul>\n","protected":false},"excerpt":{"rendered":"<p>Integrantes del GESiC: Coordinador: Mg. Ing. Guillermo Campomar Docentes Investigadores: Mg. Ing. Alejandro Lucchesi Ing. Leonardo Garberoglio Ing. Lisandro De Nicol\u00f3 Ing. Angel Fam\u00e1 Ing. Julio Perez Sr. Hern\u00e1n Herrera<\/p>\n","protected":false},"author":2,"featured_media":0,"parent":441,"menu_order":0,"comment_status":"closed","ping_status":"closed","template":"","meta":[],"_links":{"self":[{"href":"https:\/\/www.frsn.utn.edu.ar\/index.php?rest_route=\/wp\/v2\/pages\/3088"}],"collection":[{"href":"https:\/\/www.frsn.utn.edu.ar\/index.php?rest_route=\/wp\/v2\/pages"}],"about":[{"href":"https:\/\/www.frsn.utn.edu.ar\/index.php?rest_route=\/wp\/v2\/types\/page"}],"author":[{"embeddable":true,"href":"https:\/\/www.frsn.utn.edu.ar\/index.php?rest_route=\/wp\/v2\/users\/2"}],"replies":[{"embeddable":true,"href":"https:\/\/www.frsn.utn.edu.ar\/index.php?rest_route=%2Fwp%2Fv2%2Fcomments&post=3088"}],"version-history":[{"count":1,"href":"https:\/\/www.frsn.utn.edu.ar\/index.php?rest_route=\/wp\/v2\/pages\/3088\/revisions"}],"predecessor-version":[{"id":3089,"href":"https:\/\/www.frsn.utn.edu.ar\/index.php?rest_route=\/wp\/v2\/pages\/3088\/revisions\/3089"}],"up":[{"embeddable":true,"href":"https:\/\/www.frsn.utn.edu.ar\/index.php?rest_route=\/wp\/v2\/pages\/441"}],"wp:attachment":[{"href":"https:\/\/www.frsn.utn.edu.ar\/index.php?rest_route=%2Fwp%2Fv2%2Fmedia&parent=3088"}],"curies":[{"name":"wp","href":"https:\/\/api.w.org\/{rel}","templated":true}]}}