{"id":3017,"date":"2023-05-04T16:31:43","date_gmt":"2023-05-04T19:31:43","guid":{"rendered":"https:\/\/frsnweb2.frsn.utn.edu.ar\/?page_id=3017"},"modified":"2025-11-07T11:34:50","modified_gmt":"2025-11-07T14:34:50","slug":"puapam-2","status":"publish","type":"page","link":"https:\/\/www.frsn.utn.edu.ar\/?page_id=3017","title":{"rendered":"PUAPAM"},"content":{"rendered":"\n<p>Se denomina PUAPAM al Programa Universidad Abierta para Adultos Mayores de 50 a\u00f1os. La visi\u00f3n de este programa es posibilitar un acceso a la educaci\u00f3n permante, para el desarrollo del conocimiento y de la creatividad, proporcionando la inclusi\u00f3n social a la vez que genera una oportunidad de vinculaci\u00f3n, participaci\u00f3n e intercambio. Aprender es un proceso continuo que se realiza durante toda la vida.<\/p>\n\n\n\n<p>Es un Programa Abierto porque no tiene requisitos de estudios previos para inscribirse en los cursos programados. Se dictan en las instalaciones de la UTN \u2013 Facultad Regional San Nicol\u00e1s.<\/p>\n\n\n\n<p>Los cursos tienen una duraci\u00f3n cuatrimestral y son presenciales. Se extienden certificados&nbsp;a&nbsp;los alumnos con 80% m\u00ednimo de asistencia.<\/p>\n\n\n\n<p>Las \u00c1reas de los cursos son:<\/p>\n\n\n\n<ul>\n<li>\u00c1REA ARTE, EXPRESI\u00d3N Y CREATIVIDAD<\/li>\n\n\n\n<li>\u00c1REA M\u00daSICA Y DANZA<\/li>\n\n\n\n<li>\u00c1REA DISE\u00d1O Y ARTESAN\u00cdAS<\/li>\n\n\n\n<li>\u00c1REA LITERATURA, REFLEXI\u00d3N Y COMUNICACI\u00d3N<\/li>\n\n\n\n<li>\u00c1REA IDIOMAS<\/li>\n\n\n\n<li>\u00c1REA INFORM\u00c1TICA<\/li>\n\n\n\n<li>\u00c1REA SALUD F\u00cdSICA Y MENTAL<\/li>\n<\/ul>\n\n\n\n<p><a title=\"\" href=\"https:\/\/www.frsn.utn.edu.ar\/?page_id=3020\">Inscripci\u00f3n, costos y contacto<\/a><\/p>\n\n\n\n<p><a href=\"https:\/\/wwwsi.frsn.utn.edu.ar\/Intranet\/Selec_Seccion.asp?IDSeccion=2&amp;Doc=17&amp;Sistema=45\" target=\"_blank\" rel=\"noopener\" title=\"\">Certificado de asistencia<\/a><\/p>\n\n\n\n<div class=\"wp-block-buttons is-content-justification-center is-layout-flex wp-container-1\">\n<div class=\"wp-block-button is-style-outline\"><a class=\"wp-block-button__link wp-element-button\" href=\"https:\/\/www.frsn.utn.edu.ar\/?page_id=6357\" target=\"_blank\" rel=\"noreferrer noopener\">Cursos 1\u00ba cuatrimestre 2026<\/a><\/div>\n<\/div>\n","protected":false},"excerpt":{"rendered":"<p>Se denomina PUAPAM al Programa Universidad Abierta para Adultos Mayores de 50 a\u00f1os. La visi\u00f3n de este programa es posibilitar un acceso a la educaci\u00f3n permante, para el desarrollo del<\/p>\n","protected":false},"author":2,"featured_media":3018,"parent":366,"menu_order":0,"comment_status":"closed","ping_status":"closed","template":"","meta":[],"_links":{"self":[{"href":"https:\/\/www.frsn.utn.edu.ar\/index.php?rest_route=\/wp\/v2\/pages\/3017"}],"collection":[{"href":"https:\/\/www.frsn.utn.edu.ar\/index.php?rest_route=\/wp\/v2\/pages"}],"about":[{"href":"https:\/\/www.frsn.utn.edu.ar\/index.php?rest_route=\/wp\/v2\/types\/page"}],"author":[{"embeddable":true,"href":"https:\/\/www.frsn.utn.edu.ar\/index.php?rest_route=\/wp\/v2\/users\/2"}],"replies":[{"embeddable":true,"href":"https:\/\/www.frsn.utn.edu.ar\/index.php?rest_route=%2Fwp%2Fv2%2Fcomments&post=3017"}],"version-history":[{"count":18,"href":"https:\/\/www.frsn.utn.edu.ar\/index.php?rest_route=\/wp\/v2\/pages\/3017\/revisions"}],"predecessor-version":[{"id":6360,"href":"https:\/\/www.frsn.utn.edu.ar\/index.php?rest_route=\/wp\/v2\/pages\/3017\/revisions\/6360"}],"up":[{"embeddable":true,"href":"https:\/\/www.frsn.utn.edu.ar\/index.php?rest_route=\/wp\/v2\/pages\/366"}],"wp:featuredmedia":[{"embeddable":true,"href":"https:\/\/www.frsn.utn.edu.ar\/index.php?rest_route=\/wp\/v2\/media\/3018"}],"wp:attachment":[{"href":"https:\/\/www.frsn.utn.edu.ar\/index.php?rest_route=%2Fwp%2Fv2%2Fmedia&parent=3017"}],"curies":[{"name":"wp","href":"https:\/\/api.w.org\/{rel}","templated":true}]}}