{"id":299,"date":"2018-10-30T14:51:59","date_gmt":"2018-10-30T17:51:59","guid":{"rendered":"https:\/\/frsnweb2.frsn.utn.edu.ar\/?page_id=299"},"modified":"2020-02-06T14:28:11","modified_gmt":"2020-02-06T17:28:11","slug":"centro-de-innovacion-y-transferencia-industrial","status":"publish","type":"page","link":"https:\/\/www.frsn.utn.edu.ar\/?page_id=299","title":{"rendered":"Centro de Innovaci\u00f3n y Transferencia Industrial"},"content":{"rendered":"\n<p>El CITI es un centro de estudio seg\u00fan las especialidades que se desarrollan en nuestra Regional. Su impulso naci\u00f3 de la necesidad de incrementar los servicios y la transferencia hacia las empresas del Parque Comirsa y alrededores. La FRSN acord\u00f3 en el a\u00f1o 2014 la sucesi\u00f3n de un lote de 3470 m2 donde est\u00e1 ubicado actualmente.<\/p>\n\n\n\n<p> Desde la creaci\u00f3n de la oficina de Vinculaci\u00f3n Tecnol\u00f3gica y Servicios a Terceros dentro del Parque Comirsa, se han dictado cursos y brindado certificaciones de oficio en convenio con algunas de las empresas m\u00e1s importantes del a regi\u00f3n. Tanto los cursos como las certificaciones se han dictado en las instalaciones de la Facultad como as\u00ed tambi\u00e9n bajo la modalidad in-company. <br><\/p>\n","protected":false},"excerpt":{"rendered":"<p>El CITI es un centro de estudio seg\u00fan las especialidades que se desarrollan en nuestra Regional. Su impulso naci\u00f3 de la necesidad de incrementar los servicios y la transferencia hacia<\/p>\n","protected":false},"author":2,"featured_media":0,"parent":143,"menu_order":0,"comment_status":"closed","ping_status":"closed","template":"","meta":[],"_links":{"self":[{"href":"https:\/\/www.frsn.utn.edu.ar\/index.php?rest_route=\/wp\/v2\/pages\/299"}],"collection":[{"href":"https:\/\/www.frsn.utn.edu.ar\/index.php?rest_route=\/wp\/v2\/pages"}],"about":[{"href":"https:\/\/www.frsn.utn.edu.ar\/index.php?rest_route=\/wp\/v2\/types\/page"}],"author":[{"embeddable":true,"href":"https:\/\/www.frsn.utn.edu.ar\/index.php?rest_route=\/wp\/v2\/users\/2"}],"replies":[{"embeddable":true,"href":"https:\/\/www.frsn.utn.edu.ar\/index.php?rest_route=%2Fwp%2Fv2%2Fcomments&post=299"}],"version-history":[{"count":5,"href":"https:\/\/www.frsn.utn.edu.ar\/index.php?rest_route=\/wp\/v2\/pages\/299\/revisions"}],"predecessor-version":[{"id":2610,"href":"https:\/\/www.frsn.utn.edu.ar\/index.php?rest_route=\/wp\/v2\/pages\/299\/revisions\/2610"}],"up":[{"embeddable":true,"href":"https:\/\/www.frsn.utn.edu.ar\/index.php?rest_route=\/wp\/v2\/pages\/143"}],"wp:attachment":[{"href":"https:\/\/www.frsn.utn.edu.ar\/index.php?rest_route=%2Fwp%2Fv2%2Fmedia&parent=299"}],"curies":[{"name":"wp","href":"https:\/\/api.w.org\/{rel}","templated":true}]}}