{"id":2939,"date":"2023-02-09T19:17:24","date_gmt":"2023-02-09T22:17:24","guid":{"rendered":"https:\/\/frsnweb2.frsn.utn.edu.ar\/?page_id=2939"},"modified":"2025-10-07T09:40:18","modified_gmt":"2025-10-07T12:40:18","slug":"automatizacion-y-control","status":"publish","type":"page","link":"https:\/\/www.frsn.utn.edu.ar\/?page_id=2939","title":{"rendered":"Licenciatura en Automatizaci\u00f3n y Control"},"content":{"rendered":"\n<p>La Licenciatura en Automatizaci\u00f3n y Control responde a la necesidad de formar profesionales competentes para adaptarse a los constantes cambios de las tecnolog\u00edas de la informaci\u00f3n, comunicaci\u00f3n y control y su integraci\u00f3n en aplicaciones industriales, comerciales, etc.<\/p>\n\n\n\n<p><strong>T\u00edtulo que otorga<\/strong><\/p>\n\n\n\n<p>Licenciado\/a en Automatizaci\u00f3n y Control<\/p>\n\n\n\n<p><strong>Perfil del egresado<\/strong><\/p>\n\n\n\n<p>Poseer\u00e1 una formaci\u00f3n integral que le permitir\u00e1 trabajar en forma multidisciplinaria desarrollando sus actividades con compromiso social, responsabilidad y eficiencia cumpliendo los est\u00e1ndares de seguridad, calidad y cuidando del medio ambiente.<\/p>\n\n\n\n<p>Preparamos licenciados que estar\u00e1n aptos entre otros objetivos para:<\/p>\n\n\n\n<ul>\n<li>evaluar y seleccionar los equipos que componen los sistemas de automatizaci\u00f3n de procesos, tanto de industriales como de aplicaciones, en el \u00e1mbito urbano.<\/li>\n\n\n\n<li>ejecutar estudios de factibilidad inherentes a todo proyecto de dise\u00f1o de sistemas de automatizaci\u00f3n y control de procesos industriales, edificios p\u00fablicos (hospitales, escuelas, etc.) y aplicaciones en el \u00e1mbito urbano.&nbsp;<\/li>\n\n\n\n<li>gestionar, poner en marcha y mantener sistemas de automatizaci\u00f3n y control de procesos industriales para mejorar su calidad y productividad.&nbsp;<\/li>\n\n\n\n<li>aplicar tecnolog\u00edas de automatizaci\u00f3n y control para la optimizaci\u00f3n de los sistemas productivos y urbanos, mejorar la calidad del producto o servicio, utilizando herramientas de software y hardware especializado para dar soluci\u00f3n innovadora y eficiente.<\/li>\n<\/ul>\n\n\n\n<p><strong>Duraci\u00f3n<\/strong><\/p>\n\n\n\n<p>La duraci\u00f3n de la carrera es de dos a\u00f1os.<\/p>\n\n\n\n<p><strong>Admisi\u00f3n<\/strong><\/p>\n\n\n\n<p>Esta carrera est\u00e1 destinada a quienes posean t\u00edtulo de T\u00e9cnico Universitario en Electr\u00f3nica otorgado por la UTN o por universidades p\u00fablicas o privadas reconocidas o t\u00edtulos equivalentes otorgados por instituciones de nivel superior reconocidas, p\u00fablicas o privadas, cuyos planes de estudio acrediten una carga horaria m\u00ednima de 1600 horas reloj y una duraci\u00f3n no inferior a los dos a\u00f1os y medio.<\/p>\n\n\n\n<p><strong>Informes e Inscripci\u00f3n<\/strong><\/p>\n\n\n\n<p>Secretar\u00eda de Posgrado y Educaci\u00f3n Continua<\/p>\n\n\n\n<p>E-mail:&nbsp;<a href=\"mailto:posgrado@frsn.utn.edu.ar\" target=\"_blank\" rel=\"noreferrer noopener\">posgrado@frsn.utn.edu.ar<\/a>&nbsp;&nbsp;<\/p>\n\n\n\n<div class=\"wp-block-file\"><object class=\"wp-block-file__embed\" data=\"https:\/\/www.frsn.utn.edu.ar\/wp-content\/uploads\/2023\/06\/Plan-de-Estudios-LAC.pdf\" type=\"application\/pdf\" style=\"width:100%;height:600px\" aria-label=\"Incrustado de Plan-de-Estudios-LAC.\"><\/object><a id=\"wp-block-file--media-d8356761-5583-4f99-9277-5be573eb5c0d\" href=\"https:\/\/www.frsn.utn.edu.ar\/wp-content\/uploads\/2023\/06\/Plan-de-Estudios-LAC.pdf\">Plan-de-Estudios-LAC<\/a><a href=\"https:\/\/www.frsn.utn.edu.ar\/wp-content\/uploads\/2023\/06\/Plan-de-Estudios-LAC.pdf\" class=\"wp-block-file__button wp-element-button\" download aria-describedby=\"wp-block-file--media-d8356761-5583-4f99-9277-5be573eb5c0d\">Descarga<\/a><\/div>\n\n\n\n<p><\/p>\n","protected":false},"excerpt":{"rendered":"<p>La Licenciatura en Automatizaci\u00f3n y Control responde a la necesidad de formar profesionales competentes para adaptarse a los constantes cambios de las tecnolog\u00edas de la informaci\u00f3n, comunicaci\u00f3n y control y<\/p>\n","protected":false},"author":2,"featured_media":0,"parent":37,"menu_order":0,"comment_status":"closed","ping_status":"closed","template":"","meta":[],"_links":{"self":[{"href":"https:\/\/www.frsn.utn.edu.ar\/index.php?rest_route=\/wp\/v2\/pages\/2939"}],"collection":[{"href":"https:\/\/www.frsn.utn.edu.ar\/index.php?rest_route=\/wp\/v2\/pages"}],"about":[{"href":"https:\/\/www.frsn.utn.edu.ar\/index.php?rest_route=\/wp\/v2\/types\/page"}],"author":[{"embeddable":true,"href":"https:\/\/www.frsn.utn.edu.ar\/index.php?rest_route=\/wp\/v2\/users\/2"}],"replies":[{"embeddable":true,"href":"https:\/\/www.frsn.utn.edu.ar\/index.php?rest_route=%2Fwp%2Fv2%2Fcomments&post=2939"}],"version-history":[{"count":6,"href":"https:\/\/www.frsn.utn.edu.ar\/index.php?rest_route=\/wp\/v2\/pages\/2939\/revisions"}],"predecessor-version":[{"id":6276,"href":"https:\/\/www.frsn.utn.edu.ar\/index.php?rest_route=\/wp\/v2\/pages\/2939\/revisions\/6276"}],"up":[{"embeddable":true,"href":"https:\/\/www.frsn.utn.edu.ar\/index.php?rest_route=\/wp\/v2\/pages\/37"}],"wp:attachment":[{"href":"https:\/\/www.frsn.utn.edu.ar\/index.php?rest_route=%2Fwp%2Fv2%2Fmedia&parent=2939"}],"curies":[{"name":"wp","href":"https:\/\/api.w.org\/{rel}","templated":true}]}}