{"id":2937,"date":"2023-02-09T19:15:53","date_gmt":"2023-02-09T22:15:53","guid":{"rendered":"https:\/\/frsnweb2.frsn.utn.edu.ar\/?page_id=2937"},"modified":"2026-04-22T18:35:34","modified_gmt":"2026-04-22T21:35:34","slug":"administracion-portuaria","status":"publish","type":"page","link":"https:\/\/www.frsn.utn.edu.ar\/?page_id=2937","title":{"rendered":"Tecnicatura Universitaria en Administraci\u00f3n Portuaria"},"content":{"rendered":"\n<p><strong>Alcance<\/strong><\/p>\n\n\n\n<p>La carrera se denomina \u00abTecnicatura Universitaria en Administraci\u00f3n Portuaria y el t\u00edtulo que otorga es el de \u00abT\u00e9cnico\/a Universitario\/a en Administraci\u00f3n Portuaria\u00bb.<\/p>\n\n\n\n<ul>\n<li>Planificar y entender en las actividades portuarias en general.<\/li>\n\n\n\n<li>Ejecutar y Controlar los distintos aspectos vinculados con el sector.<\/li>\n\n\n\n<li>Gestionar y Organizar emprendimientos relacionados con las actividades portuarias.<\/li>\n\n\n\n<li>Comprender la operatoria portuaria en sus distintos aspectos: jur\u00eddico, aduanero y log\u00edstico.<\/li>\n<\/ul>\n\n\n\n<p><strong>Requisitos<\/strong><\/p>\n\n\n\n<p>Para ingresar a la carrera el aspirante deber\u00e1 poseer t\u00edtulo y\/o certificaci\u00f3n oficial de haber concluido el nivel medio (estudios secundarios) expedido por instituci\u00f3n reconocida por las autoridades educativas jurisdiccionales, o atenerse a las excepciones que marcan la legislaci\u00f3n y normativa vigentes<\/p>\n\n\n\n<p><strong>Duraci\u00f3n<\/strong><\/p>\n\n\n\n<p>DOS (2) a\u00f1os<\/p>\n\n\n\n<p><strong>Documentaci\u00f3n<\/strong><\/p>\n\n\n\n<p><a href=\"http:\/\/csu.rec.utn.edu.ar\/CSU\/ORD\/1104.pdf\" target=\"_blank\" rel=\"noreferrer noopener\">Ordenanza CS N\u00ba 1104<\/a><\/p>\n\n\n\n<p><a rel=\"noreferrer noopener\" href=\"https:\/\/utn.edu.ar\/images\/oferta_academica\/planes_estudio\/TU-en-Administracion-Portuaria-1104.pdf\" target=\"_blank\">Plan de estudio<\/a><\/p>\n\n\n\n<p><strong>Inscripci\u00f3n<\/strong><\/p>\n\n\n\n<p>1 \u2013 Ingres\u00e1 al siguiente link:\u00a0Solicitud de Ingreso\u00a0y complet\u00e1 con tu n\u00famero de DNI y t\u00fa direcci\u00f3n de mail.<\/p>\n\n\n\n<p>Una vez que completaste esos datos&nbsp;<strong>te llegar\u00e1 un correo electr\u00f3nico<\/strong>&nbsp;a esa direcci\u00f3n de correo que colocaste anteriormente&nbsp;<strong>con un link<\/strong>&nbsp;para&nbsp;<strong>continuar<\/strong>&nbsp;con la&nbsp;<strong>inscripci\u00f3n<\/strong>.<\/p>\n\n\n\n<p>2 \u2013 Deber\u00e1s&nbsp;<strong>completar todos los datos solicitados<\/strong>&nbsp;y adjuntar la siguiente&nbsp;<strong>documentaci\u00f3n&nbsp;<\/strong>en formato&nbsp;<strong>.pdf<\/strong>&nbsp;(Los archivos deben ser guardados y adjuntados con el siguiente formato de nombre: ApellidoNombre_tipodedocumento (Ejemplo PerezJuan_Foto, PerezJuan_Partidadenac)<\/p>\n\n\n\n<ul>\n<li>El&nbsp;<strong>DNI&nbsp;<\/strong>de ambos lados<\/li>\n\n\n\n<li><strong>Constancia&nbsp;<\/strong>de&nbsp;<strong>CUIL&nbsp;<\/strong>(descargar de web de ANSES)<\/li>\n\n\n\n<li><strong>Acta<\/strong>&nbsp;o&nbsp;<strong>partida de nacimiento<\/strong><\/li>\n\n\n\n<li>Si a\u00fan estas cursando el \u00faltimo a\u00f1o de la Escuela Secundaria, el&nbsp;<strong>Certificado de alumno regular&nbsp;<\/strong>del \u00faltimo a\u00f1o del nivel medio.<br>Si ya terminaste la Escuela secundaria y estas recibido, el&nbsp;<strong>T\u00edtulo o Certificado Anal\u00edtico de Estudios Secundarios<\/strong>, de lo contrario,&nbsp;<strong>Certificado de T\u00edtulo en Tr\u00e1mite.<\/strong><\/li>\n<\/ul>\n\n\n\n<p><strong>Tutorial escaneo de documentos<\/strong><\/p>\n\n\n\n<p><a href=\"https:\/\/www.youtube.com\/watch?v=Va0s_i6FjDc\">https:\/\/www.youtube.com\/watch?v=Va0s_i6FjDc<\/a><\/p>\n\n\n\n<p><strong>Costos<\/strong><\/p>\n\n\n\n<p>Matr\u00edcula: $100.000<br>Cuota: $120.000 (monto actualizable)*<\/p>\n\n\n\n<p>*Cantidad de cuotas igual a la duraci\u00f3n de la carrera<\/p>\n\n\n\n<p><strong>CONSULTAS A: <\/strong><a href=\"mailto:posgrado@frsn.utn.edu.ar\"><strong>posgrado@frsn.utn.edu.ar<\/strong><\/a><strong><\/strong><\/p>\n","protected":false},"excerpt":{"rendered":"<p>Alcance La carrera se denomina \u00abTecnicatura Universitaria en Administraci\u00f3n Portuaria y el t\u00edtulo que otorga es el de \u00abT\u00e9cnico\/a Universitario\/a en Administraci\u00f3n Portuaria\u00bb. Requisitos Para ingresar a la carrera el<\/p>\n","protected":false},"author":2,"featured_media":0,"parent":37,"menu_order":0,"comment_status":"closed","ping_status":"closed","template":"","meta":[],"_links":{"self":[{"href":"https:\/\/www.frsn.utn.edu.ar\/index.php?rest_route=\/wp\/v2\/pages\/2937"}],"collection":[{"href":"https:\/\/www.frsn.utn.edu.ar\/index.php?rest_route=\/wp\/v2\/pages"}],"about":[{"href":"https:\/\/www.frsn.utn.edu.ar\/index.php?rest_route=\/wp\/v2\/types\/page"}],"author":[{"embeddable":true,"href":"https:\/\/www.frsn.utn.edu.ar\/index.php?rest_route=\/wp\/v2\/users\/2"}],"replies":[{"embeddable":true,"href":"https:\/\/www.frsn.utn.edu.ar\/index.php?rest_route=%2Fwp%2Fv2%2Fcomments&post=2937"}],"version-history":[{"count":10,"href":"https:\/\/www.frsn.utn.edu.ar\/index.php?rest_route=\/wp\/v2\/pages\/2937\/revisions"}],"predecessor-version":[{"id":6843,"href":"https:\/\/www.frsn.utn.edu.ar\/index.php?rest_route=\/wp\/v2\/pages\/2937\/revisions\/6843"}],"up":[{"embeddable":true,"href":"https:\/\/www.frsn.utn.edu.ar\/index.php?rest_route=\/wp\/v2\/pages\/37"}],"wp:attachment":[{"href":"https:\/\/www.frsn.utn.edu.ar\/index.php?rest_route=%2Fwp%2Fv2%2Fmedia&parent=2937"}],"curies":[{"name":"wp","href":"https:\/\/api.w.org\/{rel}","templated":true}]}}