{"id":2933,"date":"2023-02-09T19:10:54","date_gmt":"2023-02-09T22:10:54","guid":{"rendered":"https:\/\/frsnweb2.frsn.utn.edu.ar\/?page_id=2933"},"modified":"2026-04-22T18:34:32","modified_gmt":"2026-04-22T21:34:32","slug":"higiene-y-seguridad-en-el-trabajo","status":"publish","type":"page","link":"https:\/\/www.frsn.utn.edu.ar\/?page_id=2933","title":{"rendered":"Higiene y Seguridad en el Trabajo"},"content":{"rendered":"\n<p><strong>Alcance<\/strong><\/p>\n\n\n\n<p>El T\u00e9cnico Universitario en Higiene y Seguridad en el Trabajo est\u00e1 capacitado para:<\/p>\n\n\n\n<ol type=\"A\" start=\"1\">\n<li>Participar en la planificaci\u00f3n, organizaci\u00f3n, control y evaluaci\u00f3n de aspectos relacionados a la gesti\u00f3n de la higiene y seguridad en el trabajo en los \u00e1mbitos laborales.<\/li>\n\n\n\n<li>Intervenir en el an\u00e1lisis, control y evaluaci\u00f3n de situaciones inherentes a riesgos de contaminaci\u00f3n qu\u00edmica, biol\u00f3gica, radioactiva y otros riesgos de trabajo.<\/li>\n\n\n\n<li>Implementar programas de capacitaci\u00f3n en prevenci\u00f3n y protecci\u00f3n de riesgos y accidentes en el trabajo.<\/li>\n\n\n\n<li>Colaborar, con un enfoque preventivo y ergon\u00f3mico, en el dise\u00f1o de equipos e instalaciones industriales en los diversos puestos de trabajo.<\/li>\n\n\n\n<li>Colaborar con la creaci\u00f3n de normas necesarias para propender y cumplir con las condiciones legales en seguridad e higiene industrial.<\/li>\n\n\n\n<li>Auditar el cumplimiento de la normativa vigente en materia de seguridad e higiene en el trabajo.<\/li>\n\n\n\n<li>Integrar equipos interdisciplinarios abocados al an\u00e1lisis y mejoramiento en cuestiones espec\u00edficas del \u00e1rea.<\/li>\n<\/ol>\n\n\n\n<p><strong>Requisitos<\/strong><\/p>\n\n\n\n<p>Los requisitos de ingreso a la carrera Tecnicatura universitaria en Higiene y Seguridad del Trabajo modalidad a distancia ser\u00e1n los mismos que se requieren para todas las tecnicaturas que se dictan en la Universidad.<\/p>\n\n\n\n<p><strong>Duraci\u00f3n<\/strong><\/p>\n\n\n\n<p>3 a\u00f1os<\/p>\n\n\n\n<p><strong>Documentaci\u00f3n<\/strong><\/p>\n\n\n\n<p><a href=\"http:\/\/csu.rec.utn.edu.ar\/CSU\/ORD\/986.pdf\" target=\"_blank\" rel=\"noreferrer noopener\">Ordenanza CS N\u00ba 986<\/a><\/p>\n\n\n\n<p><a href=\"http:\/\/csu.rec.utn.edu.ar\/CSU\/ORD\/1344.pdf\" target=\"_blank\" rel=\"noreferrer noopener\">Ordenanza CS N\u00ba 1344<\/a><\/p>\n\n\n\n<p><a href=\"http:\/\/csu.rec.utn.edu.ar\/CSU\/ORD\/1767.pdf\" target=\"_blank\" rel=\"noreferrer noopener\">Ordenanza CS N\u00ba 1767<\/a><\/p>\n\n\n\n<p><a rel=\"noreferrer noopener\" href=\"https:\/\/utn.edu.ar\/images\/oferta_academica\/planes_estudio\/Ord.-N-986-TS-Higiene-y-Seguridad.pdf\" target=\"_blank\">Plan de estudio<\/a><\/p>\n\n\n\n<p><strong>Inscripci\u00f3n<\/strong><\/p>\n\n\n\n<p>1 \u2013 Ingres\u00e1 al siguiente link:\u00a0Solicitud de Ingreso\u00a0y complet\u00e1 con tu n\u00famero de DNI y t\u00fa direcci\u00f3n de mail.<\/p>\n\n\n\n<p>Una vez que completaste esos datos&nbsp;<strong>te llegar\u00e1 un correo electr\u00f3nico<\/strong>&nbsp;a esa direcci\u00f3n de correo que colocaste anteriormente&nbsp;<strong>con un link<\/strong>&nbsp;para&nbsp;<strong>continuar<\/strong>&nbsp;con la&nbsp;<strong>inscripci\u00f3n<\/strong>.<\/p>\n\n\n\n<p>2 \u2013 Deber\u00e1s&nbsp;<strong>completar todos los datos solicitados<\/strong>&nbsp;y adjuntar la siguiente&nbsp;<strong>documentaci\u00f3n&nbsp;<\/strong>en formato&nbsp;<strong>.pdf<\/strong>&nbsp;(Los archivos deben ser guardados y adjuntados con el siguiente formato de nombre: ApellidoNombre_tipodedocumento (Ejemplo PerezJuan_Foto, PerezJuan_Partidadenac)<\/p>\n\n\n\n<ul>\n<li>El&nbsp;<strong>DNI&nbsp;<\/strong>de ambos lados<\/li>\n\n\n\n<li><strong>Constancia&nbsp;<\/strong>de&nbsp;<strong>CUIL&nbsp;<\/strong>(descargar de web de ANSES)<\/li>\n\n\n\n<li><strong>Acta<\/strong>&nbsp;o&nbsp;<strong>partida de nacimiento<\/strong><\/li>\n\n\n\n<li>Si a\u00fan estas cursando el \u00faltimo a\u00f1o de la Escuela Secundaria, el\u00a0<strong>Certificado de alumno regular\u00a0<\/strong>del \u00faltimo a\u00f1o del nivel medio.<br>Si ya terminaste la Escuela secundaria y estas recibido, el\u00a0<strong>T\u00edtulo o Certificado Anal\u00edtico de Estudios Secundarios<\/strong>, de lo contrario,\u00a0<strong>Certificado de T\u00edtulo en Tr\u00e1mite.<\/strong><\/li>\n<\/ul>\n\n\n\n<p><strong>Costos<\/strong><\/p>\n\n\n\n<p>Matr\u00edcula: $100.000<br>Cuota: $120.000 (monto actualizable)*<\/p>\n\n\n\n<p>*Cantidad de cuotas igual a la duraci\u00f3n de la carrera<\/p>\n\n\n\n<p><strong>CONSULTAS A: <\/strong><a href=\"mailto:posgrado@frsn.utn.edu.ar\"><strong>posgrado@frsn.utn.edu.ar<\/strong><\/a><strong><\/strong><\/p>\n\n\n\n<p><\/p>\n","protected":false},"excerpt":{"rendered":"<p>Alcance El T\u00e9cnico Universitario en Higiene y Seguridad en el Trabajo est\u00e1 capacitado para: Requisitos Los requisitos de ingreso a la carrera Tecnicatura universitaria en Higiene y Seguridad del Trabajo<\/p>\n","protected":false},"author":2,"featured_media":0,"parent":37,"menu_order":0,"comment_status":"closed","ping_status":"closed","template":"","meta":[],"_links":{"self":[{"href":"https:\/\/www.frsn.utn.edu.ar\/index.php?rest_route=\/wp\/v2\/pages\/2933"}],"collection":[{"href":"https:\/\/www.frsn.utn.edu.ar\/index.php?rest_route=\/wp\/v2\/pages"}],"about":[{"href":"https:\/\/www.frsn.utn.edu.ar\/index.php?rest_route=\/wp\/v2\/types\/page"}],"author":[{"embeddable":true,"href":"https:\/\/www.frsn.utn.edu.ar\/index.php?rest_route=\/wp\/v2\/users\/2"}],"replies":[{"embeddable":true,"href":"https:\/\/www.frsn.utn.edu.ar\/index.php?rest_route=%2Fwp%2Fv2%2Fcomments&post=2933"}],"version-history":[{"count":7,"href":"https:\/\/www.frsn.utn.edu.ar\/index.php?rest_route=\/wp\/v2\/pages\/2933\/revisions"}],"predecessor-version":[{"id":6841,"href":"https:\/\/www.frsn.utn.edu.ar\/index.php?rest_route=\/wp\/v2\/pages\/2933\/revisions\/6841"}],"up":[{"embeddable":true,"href":"https:\/\/www.frsn.utn.edu.ar\/index.php?rest_route=\/wp\/v2\/pages\/37"}],"wp:attachment":[{"href":"https:\/\/www.frsn.utn.edu.ar\/index.php?rest_route=%2Fwp%2Fv2%2Fmedia&parent=2933"}],"curies":[{"name":"wp","href":"https:\/\/api.w.org\/{rel}","templated":true}]}}