{"id":2930,"date":"2023-02-09T19:06:46","date_gmt":"2023-02-09T22:06:46","guid":{"rendered":"https:\/\/frsnweb2.frsn.utn.edu.ar\/?page_id=2930"},"modified":"2025-10-07T09:21:00","modified_gmt":"2025-10-07T12:21:00","slug":"mecatronica","status":"publish","type":"page","link":"https:\/\/www.frsn.utn.edu.ar\/?page_id=2930","title":{"rendered":"Tecnicatura Universitaria en Mecatr\u00f3nica"},"content":{"rendered":"\n<p>La Mecatr\u00f3nica es la aplicaci\u00f3n de las \u00faltimas t\u00e9cnicas en ingenier\u00eda mec\u00e1nica de precisi\u00f3n, electr\u00f3nica, teor\u00eda de control y ciencias de la computaci\u00f3n, para dise\u00f1ar procesos y productos cada vez m\u00e1s funcionales y adaptables.<\/p>\n\n\n\n<p>Aplica las nuevas tecnolog\u00edas de control y de computadoras, conjuntamente con electr\u00f3nica asociada, seg\u00fan el caso, para obtener niveles de desempe\u00f1o superiores de un dispositivo mec\u00e1nico.<\/p>\n\n\n\n<p>Los productos, sistemas y procesos desarrollados con t\u00e9cnicas mecatr\u00f3nicas, exhiben caracter\u00edsticas particulares como son el reemplazo de partes electromec\u00e1nicas por electr\u00f3nicas lo cual contribuye a la reprogramabilidad y reconfigurabilidad de los sistemas, a la posibilidad de implementar controles distribuidos y a la recolecci\u00f3n y reporte autom\u00e1tico de datos.<\/p>\n\n\n\n<p><strong>T\u00edtulo que otorga<\/strong><\/p>\n\n\n\n<p>T\u00e9cnico Universitario en Mecatr\u00f3nica<\/p>\n\n\n\n<p><strong>Perfil del egresado<\/strong><\/p>\n\n\n\n<p>Mediante la implementaci\u00f3n de esta Tecnicatura en Mecatr\u00f3nica, se pretende formar un egresado con una formaci\u00f3n rigurosamente tecnol\u00f3gica, que combina los conocimientos de las Ciencias B\u00e1sicas con los correspondientes a Electr\u00f3nica, Mec\u00e1nica, Electrotecnia e Inform\u00e1tica.<\/p>\n\n\n\n<p>Ser\u00e1 capaz, entre otros objetivos, de:<\/p>\n\n\n\n<ul>\n<li>intervenir en la implementaci\u00f3n y seguimiento de sistemas de calidad, en el control y el aseguramiento de la misma.&nbsp;<\/li>\n\n\n\n<li>programar y operar sistemas de control secuencial para controladores l\u00f3gicos programables (PLC).&nbsp;<\/li>\n\n\n\n<li>programar y operar m\u00e1quinas de control num\u00e9rico computarizado (CNC).&nbsp;<\/li>\n\n\n\n<li>utilizar recursos inform\u00e1ticos como herramientas de trabajo en su especialidad.<\/li>\n<\/ul>\n\n\n\n<p><strong>Duraci\u00f3n<\/strong><\/p>\n\n\n\n<p>2 a\u00f1os<\/p>\n\n\n\n<p><strong>Admisi\u00f3n<\/strong><\/p>\n\n\n\n<p>Poseer t\u00edtulo secundario oficial<\/p>\n\n\n\n<p>Modalidad<\/p>\n\n\n\n<p>Clases presenciales m\u00ednimas y clases virtuales sincr\u00f3nicas.<\/p>\n\n\n\n<p><strong>Informes e Inscripci\u00f3n<\/strong><\/p>\n\n\n\n<p>Secretar\u00eda de Posgrado y Educaci\u00f3n Continua<\/p>\n\n\n\n<p>E-mail:&nbsp;<a href=\"mailto:posgrado@frsn.utn.edu.ar\">posgrado@frsn.utn.edu.ar<\/a>&nbsp;&nbsp;&nbsp;&nbsp;&nbsp;<\/p>\n\n\n\n<p><\/p>\n\n\n\n<div class=\"wp-block-file\"><object class=\"wp-block-file__embed\" data=\"https:\/\/www.frsn.utn.edu.ar\/wp-content\/uploads\/2023\/06\/Plan-de-Estudios-Mecatronica.pdf\" type=\"application\/pdf\" style=\"width:100%;height:600px\" aria-label=\"Incrustado de Plan-de-Estudios-Mecatronica.\"><\/object><a id=\"wp-block-file--media-629dcfc4-8cb3-4f8e-a40b-aae5475741e1\" href=\"https:\/\/www.frsn.utn.edu.ar\/wp-content\/uploads\/2023\/06\/Plan-de-Estudios-Mecatronica.pdf\">Plan-de-Estudios-Mecatronica<\/a><a href=\"https:\/\/www.frsn.utn.edu.ar\/wp-content\/uploads\/2023\/06\/Plan-de-Estudios-Mecatronica.pdf\" class=\"wp-block-file__button wp-element-button\" download aria-describedby=\"wp-block-file--media-629dcfc4-8cb3-4f8e-a40b-aae5475741e1\">Descarga<\/a><\/div>\n\n\n\n<p>M\u00e1s informaci\u00f3n e inscripci\u00f3n<\/p>\n","protected":false},"excerpt":{"rendered":"<p>La Mecatr\u00f3nica es la aplicaci\u00f3n de las \u00faltimas t\u00e9cnicas en ingenier\u00eda mec\u00e1nica de precisi\u00f3n, electr\u00f3nica, teor\u00eda de control y ciencias de la computaci\u00f3n, para dise\u00f1ar procesos y productos cada vez<\/p>\n","protected":false},"author":2,"featured_media":0,"parent":37,"menu_order":0,"comment_status":"closed","ping_status":"closed","template":"","meta":[],"_links":{"self":[{"href":"https:\/\/www.frsn.utn.edu.ar\/index.php?rest_route=\/wp\/v2\/pages\/2930"}],"collection":[{"href":"https:\/\/www.frsn.utn.edu.ar\/index.php?rest_route=\/wp\/v2\/pages"}],"about":[{"href":"https:\/\/www.frsn.utn.edu.ar\/index.php?rest_route=\/wp\/v2\/types\/page"}],"author":[{"embeddable":true,"href":"https:\/\/www.frsn.utn.edu.ar\/index.php?rest_route=\/wp\/v2\/users\/2"}],"replies":[{"embeddable":true,"href":"https:\/\/www.frsn.utn.edu.ar\/index.php?rest_route=%2Fwp%2Fv2%2Fcomments&post=2930"}],"version-history":[{"count":5,"href":"https:\/\/www.frsn.utn.edu.ar\/index.php?rest_route=\/wp\/v2\/pages\/2930\/revisions"}],"predecessor-version":[{"id":6258,"href":"https:\/\/www.frsn.utn.edu.ar\/index.php?rest_route=\/wp\/v2\/pages\/2930\/revisions\/6258"}],"up":[{"embeddable":true,"href":"https:\/\/www.frsn.utn.edu.ar\/index.php?rest_route=\/wp\/v2\/pages\/37"}],"wp:attachment":[{"href":"https:\/\/www.frsn.utn.edu.ar\/index.php?rest_route=%2Fwp%2Fv2%2Fmedia&parent=2930"}],"curies":[{"name":"wp","href":"https:\/\/api.w.org\/{rel}","templated":true}]}}