{"id":288,"date":"2018-10-30T14:44:40","date_gmt":"2018-10-30T17:44:40","guid":{"rendered":"https:\/\/frsnweb2.frsn.utn.edu.ar\/?page_id=288"},"modified":"2025-06-05T10:37:59","modified_gmt":"2025-06-05T13:37:59","slug":"centro-cultural","status":"publish","type":"page","link":"https:\/\/www.frsn.utn.edu.ar\/?page_id=288","title":{"rendered":"Centro Cultural"},"content":{"rendered":"<p>Creemos que es estrat\u00e9gico profundizar en la articulaci\u00f3n entre la universidad y la sociedad, tanto para detectar las necesidades en t\u00e9rminos de los conocimientos cient\u00edficos-tecnol\u00f3gicos requeridos, como para establecer nuevos espacios de sinergia\u00a0 y de crecimiento compartido en las distintas dimensiones del quehacer humano de la regi\u00f3n.<\/p>\n<p>Sabemos que nuestra Facultad debe establecer una estrecha articulaci\u00f3n con los distintos actores sociales en las \u00e1reas de la ingenier\u00eda y\/o tecnol\u00f3gica; sin embargo, es imprescindible seguir avanzando en el proceso de integraci\u00f3n de las ciencias sociales y las tecnol\u00f3gicas para enriquecer el an\u00e1lisis y abordaje de las distintas problem\u00e1ticas.<\/p>\n<p>Para concretar este v\u00ednculo se hace inevitable generar espacios propicios para la relaci\u00f3n, integraci\u00f3n y apropiaci\u00f3n de una \u00f3ptica que logre incrementar la forma de percepci\u00f3n que poseemos de la ciencia, el arte y la tecnolog\u00eda.<\/p>\n<p>El Centro Cultural FRSN se propone como un lugar de crecimiento para la ciudad y la regi\u00f3n, m\u00e1s all\u00e1 de constituirse como la mejor opci\u00f3n de encuentro para la comunidad FRSN.<\/p>\n<h1>Conocenos<\/h1>\n<p><strong><u>1 Curso universitario breve X 1 Acci\u00f3n solidaria<\/u><\/strong><\/p>\n<p>Es una iniciativa que ofrece a la comunidad la oportunidad de realizar cursos dictados por la Universidad Tecnol\u00f3gica Nacional San Nicol\u00e1s a cambio de la ejecuci\u00f3n de acciones solidarias. La oferta de cursos acreditados por la UTN y su gratuidad econ\u00f3mica, a cambio del compromiso personal, y la valoraci\u00f3n de las capacidades que tiene cada participante, en la resoluci\u00f3n de una necesidad social, podr\u00eda pensarse como el combustible que pone a funcionar un motor de crecimiento personal y, a la vez, de solidaridad y compromiso con nuestros vecinos.<\/p>\n<p><img decoding=\"async\" loading=\"lazy\" class=\"aligncenter size-full wp-image-4966\" src=\"https:\/\/www.frsn.utn.edu.ar\/wp-content\/uploads\/2024\/09\/1x1-collage.jpg\" alt=\"\" width=\"600\" height=\"271\" srcset=\"https:\/\/www.frsn.utn.edu.ar\/wp-content\/uploads\/2024\/09\/1x1-collage.jpg 600w, https:\/\/www.frsn.utn.edu.ar\/wp-content\/uploads\/2024\/09\/1x1-collage-300x136.jpg 300w\" sizes=\"(max-width: 600px) 100vw, 600px\" \/><\/p>\n<p>Las sedes de estos cursos \u201c1&#215;1\u201d son instituciones de la ciudad y la regi\u00f3n, a las que asisten personas con necesidades de insertarse en el circuito econ\u00f3mico y que ven muy lejana la posibilidad de instruirse para lograrlo. De esta forma, no solo se le acerca la formaci\u00f3n al barrio, sino que, adem\u00e1s, tienen la posibilidad de pagarlo ayudando a otros y haciendo lo que saben. El Centro se ocupa del pago del docente y provee los materiales necesarios tanto para el dictado de los cursos, como para el desarrollo de la acci\u00f3n solidaria.<\/p>\n<p><strong><u>Voluntariado universitario<\/u><\/strong><\/p>\n<p>Relevamos las necesidades de las organizaciones territoriales de los diferentes barrios de la ciudad y buscamos en la comunidad universitaria voluntarios que puedan resolverlas.<\/p>\n<p><img decoding=\"async\" loading=\"lazy\" class=\"aligncenter size-full wp-image-4967\" src=\"https:\/\/www.frsn.utn.edu.ar\/wp-content\/uploads\/2024\/09\/voluntariado-collage.jpg\" alt=\"\" width=\"600\" height=\"271\" srcset=\"https:\/\/www.frsn.utn.edu.ar\/wp-content\/uploads\/2024\/09\/voluntariado-collage.jpg 600w, https:\/\/www.frsn.utn.edu.ar\/wp-content\/uploads\/2024\/09\/voluntariado-collage-300x136.jpg 300w\" sizes=\"(max-width: 600px) 100vw, 600px\" \/><\/p>\n<p><strong><em>\u00bfSos miembro de la comunidad UTN San Nicol\u00e1s? \u00a1Sumate al voluntariado!<\/em><\/strong><\/p>\n<p>Correo electr\u00f3nico:\u00a0 <a href=\"mailto:centrocultural@frsn.utn.edu.ar\">centrocultural@frsn.utn.edu.ar<\/a><\/p>\n<p>Instagram: Centro Cultural FRSN<\/p>\n<p><strong><em>Algunas necesidades en las que pod\u00e9s sumarte como voluntario:<\/em><\/strong><\/p>\n<ul>\n<li>Reparaciones el\u00e9ctricas<\/li>\n<li>Jornadas de pintura<\/li>\n<li>Asesoramiento el\u00e9ctrico<\/li>\n<li>Apoyo escolar presencial o virtual<\/li>\n<li>Jornadas de lectura<\/li>\n<li>Centro Cultural cient\u00edfico y m\u00f3vil<\/li>\n<li>Jornadas de cocina<\/li>\n<\/ul>\n<p><strong><u>Apoyo escolar presencial<\/u><\/strong><\/p>\n<p>Este proyecto invita a estudiantes de las escuelas e instituciones de diferentes barrios de la ciudad a que reciban ayuda y recursos en la Facultad para resolver sus dudas relacionadas con su trayectoria escolar. Las clases son brindadas por alumnos y docentes voluntarios.<\/p>\n<p><img decoding=\"async\" loading=\"lazy\" class=\"aligncenter size-full wp-image-4968\" src=\"https:\/\/www.frsn.utn.edu.ar\/wp-content\/uploads\/2024\/09\/apoyo-escolar-collage.jpg\" alt=\"\" width=\"600\" height=\"271\" srcset=\"https:\/\/www.frsn.utn.edu.ar\/wp-content\/uploads\/2024\/09\/apoyo-escolar-collage.jpg 600w, https:\/\/www.frsn.utn.edu.ar\/wp-content\/uploads\/2024\/09\/apoyo-escolar-collage-300x136.jpg 300w\" sizes=\"(max-width: 600px) 100vw, 600px\" \/><\/p>\n<p><strong><u>Centro Cultural cient\u00edfico y m\u00f3vil<\/u><\/strong><\/p>\n<p>Esta iniciativa propone un dispositivo que promueve la curiosidad, el acercamiento y la participaci\u00f3n activa de ni\u00f1os y ni\u00f1as en actividades relacionadas con la Ciencia y la Tecnolog\u00eda que llega a barrios en donde vive poblaci\u00f3n con altos niveles de vulnerabilidad.<\/p>\n<p>En este marco, se proponen situaciones que promueven la curiosidad de los participantes, de modo de presentar a la F\u00edsica y la Qu\u00edmica como contenidos desafiantes, divertidos e interesantes. Y cercanos, o sea, accesibles y relacionados con la vida cotidiana. Adicionalmente, el dispositivo incluye un espacio de cine que suma valor en s\u00ed mismo: no s\u00f3lo por la proyecci\u00f3n de audiovisuales relacionados con las tem\u00e1ticas, especialmente seleccionados, sino tambi\u00e9n porque desde hace a\u00f1os ya no hay cines en la ciudad. O sea, repone y facilita el acceso a esta experiencia cultura.<\/p>\n<p><img decoding=\"async\" loading=\"lazy\" class=\"aligncenter size-full wp-image-4969\" src=\"https:\/\/www.frsn.utn.edu.ar\/wp-content\/uploads\/2024\/09\/cultural-movil-collage.jpg\" alt=\"\" width=\"600\" height=\"271\" srcset=\"https:\/\/www.frsn.utn.edu.ar\/wp-content\/uploads\/2024\/09\/cultural-movil-collage.jpg 600w, https:\/\/www.frsn.utn.edu.ar\/wp-content\/uploads\/2024\/09\/cultural-movil-collage-300x136.jpg 300w\" sizes=\"(max-width: 600px) 100vw, 600px\" \/><\/p>\n<p><strong><u>\u00a1A sus marcas! Listos Ya mi marat\u00f3n solidaria<\/u><\/strong><\/p>\n<p>La Marat\u00f3n Solidaria del Centro Cultural FRSN ha tenido su sexta edici\u00f3n en 2023. Nuestra marat\u00f3n cuenta con dos modalidades:<\/p>\n<ul>\n<li>Marat\u00f3n 10 k<\/li>\n<li>Caminata 3 k<\/li>\n<\/ul>\n<p>Los fondos recaudados con este evento son utilizados para el financiamiento de cursos de oficios enmarcados en nuestro programa \u201c1 Curso universitario breve X 1 Acci\u00f3n solidaria\u201d.<\/p>\n<p><img decoding=\"async\" loading=\"lazy\" class=\"aligncenter size-full wp-image-4970\" src=\"https:\/\/www.frsn.utn.edu.ar\/wp-content\/uploads\/2024\/09\/maraton-collage-2.jpg\" alt=\"\" width=\"600\" height=\"271\" srcset=\"https:\/\/www.frsn.utn.edu.ar\/wp-content\/uploads\/2024\/09\/maraton-collage-2.jpg 600w, https:\/\/www.frsn.utn.edu.ar\/wp-content\/uploads\/2024\/09\/maraton-collage-2-300x136.jpg 300w\" sizes=\"(max-width: 600px) 100vw, 600px\" \/><\/p>\n<p><strong><u>Arte al paso<\/u><\/strong><\/p>\n<p>Brindamos un escenario para los miembros de la comunidad universitaria y artistas locales que quieran compartir sus talentos. Incorpora un espacio art\u00edstico breve en los pasillos de nuestra Facultad.<\/p>\n<p><img decoding=\"async\" loading=\"lazy\" class=\"aligncenter size-full wp-image-4971\" src=\"https:\/\/www.frsn.utn.edu.ar\/wp-content\/uploads\/2024\/09\/arte-al-paso-collage.jpg\" alt=\"\" width=\"600\" height=\"271\" srcset=\"https:\/\/www.frsn.utn.edu.ar\/wp-content\/uploads\/2024\/09\/arte-al-paso-collage.jpg 600w, https:\/\/www.frsn.utn.edu.ar\/wp-content\/uploads\/2024\/09\/arte-al-paso-collage-300x136.jpg 300w\" sizes=\"(max-width: 600px) 100vw, 600px\" \/><\/p>\n<h1>Informate<\/h1>\n<ul>\n<li><strong>Correo:<\/strong> <a href=\"mailto:centrocultural@frsn.utn.edu.ar\">centrocultural@frsn.utn.edu.ar<\/a><\/li>\n<li><strong>Instagram:<\/strong> CentroculturalFRSN<\/li>\n<li><strong>Encontranos:\u00a0<\/strong><br \/>\nen nuestra oficina los lunes de 11 a 16 h y los viernes de 14:30 a 17h<br \/>\nen nuestra mesita los viernes de 17 a 18 h<\/li>\n<\/ul>\n","protected":false},"excerpt":{"rendered":"<p>Creemos que es estrat\u00e9gico profundizar en la articulaci\u00f3n entre la universidad y la sociedad, tanto para detectar las necesidades en t\u00e9rminos de los conocimientos cient\u00edficos-tecnol\u00f3gicos requeridos, como para establecer nuevos<\/p>\n","protected":false},"author":2,"featured_media":0,"parent":366,"menu_order":0,"comment_status":"closed","ping_status":"closed","template":"","meta":[],"_links":{"self":[{"href":"https:\/\/www.frsn.utn.edu.ar\/index.php?rest_route=\/wp\/v2\/pages\/288"}],"collection":[{"href":"https:\/\/www.frsn.utn.edu.ar\/index.php?rest_route=\/wp\/v2\/pages"}],"about":[{"href":"https:\/\/www.frsn.utn.edu.ar\/index.php?rest_route=\/wp\/v2\/types\/page"}],"author":[{"embeddable":true,"href":"https:\/\/www.frsn.utn.edu.ar\/index.php?rest_route=\/wp\/v2\/users\/2"}],"replies":[{"embeddable":true,"href":"https:\/\/www.frsn.utn.edu.ar\/index.php?rest_route=%2Fwp%2Fv2%2Fcomments&post=288"}],"version-history":[{"count":7,"href":"https:\/\/www.frsn.utn.edu.ar\/index.php?rest_route=\/wp\/v2\/pages\/288\/revisions"}],"predecessor-version":[{"id":5864,"href":"https:\/\/www.frsn.utn.edu.ar\/index.php?rest_route=\/wp\/v2\/pages\/288\/revisions\/5864"}],"up":[{"embeddable":true,"href":"https:\/\/www.frsn.utn.edu.ar\/index.php?rest_route=\/wp\/v2\/pages\/366"}],"wp:attachment":[{"href":"https:\/\/www.frsn.utn.edu.ar\/index.php?rest_route=%2Fwp%2Fv2%2Fmedia&parent=288"}],"curies":[{"name":"wp","href":"https:\/\/api.w.org\/{rel}","templated":true}]}}