{"id":271,"date":"2018-10-30T14:29:42","date_gmt":"2018-10-30T17:29:42","guid":{"rendered":"https:\/\/frsnweb2.frsn.utn.edu.ar\/?page_id=271"},"modified":"2019-10-03T14:48:11","modified_gmt":"2019-10-03T17:48:11","slug":"no-docentes","status":"publish","type":"page","link":"https:\/\/www.frsn.utn.edu.ar\/?page_id=271","title":{"rendered":"No Docentes"},"content":{"rendered":"<table border=\"0\" width=\"100%\" cellspacing=\"0\" cellpadding=\"0\">\n<tbody>\n<tr>\n<td width=\"*\">\n<table class=\"textohome\" width=\"100%\">\n<tbody>\n<tr>\n<td width=\"100%\">Dentro de la FRSN conviven y trabajan alumnos, docentes, graduados y no docentes. Estos \u00faltimos son uno de los grupos motores de la Facultad, quienes acompa\u00f1an a docentes y alumnos en el devenir acad\u00e9mico. El No Docente aporta su colaboraci\u00f3n desde distintos lugares, ya sea limpiando las aulas, realizando las inscripciones y orientando a los alumnos en sus tr\u00e1mites acad\u00e9micos, o llevando adelante tareas administrativas.<\/p>\n<div><\/div>\n<div>El\u00a011 de noviembre del 1982, se constituy\u00f3 la Asociaci\u00f3n del Personal de la Universidad Tecnol\u00f3gica Nacional (A.P.U.T.N.), que se desempe\u00f1a en jurisdicci\u00f3n de la Universidad Tecnol\u00f3gica Nacional, comprendidas en todas sus categor\u00edas, profesi\u00f3n u oficio, sean estos administrativos, profesionales, t\u00e9cnicos, m\u00e9dicos asistenciales, auxiliares al servicio de la docencia, docentes con funciones administrativas, servicios auxiliares, obreros y de maestranza, sean efectivos, eventuales, transitorios o contratados.<\/div>\n<div><\/div>\n<ul>\n<li><a href=\"https:\/\/www.frsn.utn.edu.ar\/?page_id=629\">SysAcad<\/a><\/li>\n<li><a href=\"https:\/\/www.frsn.utn.edu.ar\/?page_id=627\">Beneficios<\/a><\/li>\n<\/ul>\n<div><\/div>\n<\/td>\n<\/tr>\n<\/tbody>\n<\/table>\n<\/td>\n<\/tr>\n<\/tbody>\n<\/table>\n","protected":false},"excerpt":{"rendered":"<p>Dentro de la FRSN conviven y trabajan alumnos, docentes, graduados y no docentes. Estos \u00faltimos son uno de los grupos motores de la Facultad, quienes acompa\u00f1an a docentes y alumnos<\/p>\n","protected":false},"author":2,"featured_media":2514,"parent":0,"menu_order":0,"comment_status":"closed","ping_status":"closed","template":"","meta":[],"_links":{"self":[{"href":"https:\/\/www.frsn.utn.edu.ar\/index.php?rest_route=\/wp\/v2\/pages\/271"}],"collection":[{"href":"https:\/\/www.frsn.utn.edu.ar\/index.php?rest_route=\/wp\/v2\/pages"}],"about":[{"href":"https:\/\/www.frsn.utn.edu.ar\/index.php?rest_route=\/wp\/v2\/types\/page"}],"author":[{"embeddable":true,"href":"https:\/\/www.frsn.utn.edu.ar\/index.php?rest_route=\/wp\/v2\/users\/2"}],"replies":[{"embeddable":true,"href":"https:\/\/www.frsn.utn.edu.ar\/index.php?rest_route=%2Fwp%2Fv2%2Fcomments&post=271"}],"version-history":[{"count":4,"href":"https:\/\/www.frsn.utn.edu.ar\/index.php?rest_route=\/wp\/v2\/pages\/271\/revisions"}],"predecessor-version":[{"id":3131,"href":"https:\/\/www.frsn.utn.edu.ar\/index.php?rest_route=\/wp\/v2\/pages\/271\/revisions\/3131"}],"wp:featuredmedia":[{"embeddable":true,"href":"https:\/\/www.frsn.utn.edu.ar\/index.php?rest_route=\/wp\/v2\/media\/2514"}],"wp:attachment":[{"href":"https:\/\/www.frsn.utn.edu.ar\/index.php?rest_route=%2Fwp%2Fv2%2Fmedia&parent=271"}],"curies":[{"name":"wp","href":"https:\/\/api.w.org\/{rel}","templated":true}]}}