{"id":258,"date":"2018-10-30T14:25:53","date_gmt":"2018-10-30T17:25:53","guid":{"rendered":"https:\/\/frsnweb2.frsn.utn.edu.ar\/?page_id=258"},"modified":"2025-08-18T19:14:11","modified_gmt":"2025-08-18T22:14:11","slug":"asignaturas","status":"publish","type":"page","link":"https:\/\/www.frsn.utn.edu.ar\/?page_id=258","title":{"rendered":"Asignaturas"},"content":{"rendered":"\n<p><strong>Ambientaci\u00f3n a la Vida Universitaria<\/strong><\/p>\n\n\n\n<p><strong>Matem\u00e1tica<\/strong><\/p>\n\n\n\n<p><a href=\"https:\/\/www.frsn.utn.edu.ar\/wp-content\/uploads\/2023\/08\/Contenido_Matematica.pdf\" target=\"_blank\" rel=\"noreferrer noopener\">Temario<\/a><\/p>\n\n\n\n<p><a href=\"https:\/\/www.frsn.utn.edu.ar\/?page_id=5317\" target=\"_blank\" rel=\"noreferrer noopener\">Material de estudio<\/a><\/p>\n\n\n\n<p><strong>F\u00edsica<\/strong><\/p>\n\n\n\n<p><a href=\"https:\/\/www.frsn.utn.edu.ar\/wp-content\/uploads\/2023\/08\/Contenido_Fisica.pdf\" target=\"_blank\" rel=\"noreferrer noopener\">Temario<\/a><\/p>\n\n\n\n<p><a href=\"https:\/\/www.frsn.utn.edu.ar\/?page_id=5320\" target=\"_blank\" rel=\"noreferrer noopener\">Material de estudio<\/a><\/p>\n","protected":false},"excerpt":{"rendered":"<p>Ambientaci\u00f3n a la Vida Universitaria Matem\u00e1tica Temario Material de estudio F\u00edsica Temario Material de estudio<\/p>\n","protected":false},"author":2,"featured_media":2514,"parent":246,"menu_order":5,"comment_status":"closed","ping_status":"closed","template":"","meta":[],"_links":{"self":[{"href":"https:\/\/www.frsn.utn.edu.ar\/index.php?rest_route=\/wp\/v2\/pages\/258"}],"collection":[{"href":"https:\/\/www.frsn.utn.edu.ar\/index.php?rest_route=\/wp\/v2\/pages"}],"about":[{"href":"https:\/\/www.frsn.utn.edu.ar\/index.php?rest_route=\/wp\/v2\/types\/page"}],"author":[{"embeddable":true,"href":"https:\/\/www.frsn.utn.edu.ar\/index.php?rest_route=\/wp\/v2\/users\/2"}],"replies":[{"embeddable":true,"href":"https:\/\/www.frsn.utn.edu.ar\/index.php?rest_route=%2Fwp%2Fv2%2Fcomments&post=258"}],"version-history":[{"count":14,"href":"https:\/\/www.frsn.utn.edu.ar\/index.php?rest_route=\/wp\/v2\/pages\/258\/revisions"}],"predecessor-version":[{"id":6107,"href":"https:\/\/www.frsn.utn.edu.ar\/index.php?rest_route=\/wp\/v2\/pages\/258\/revisions\/6107"}],"up":[{"embeddable":true,"href":"https:\/\/www.frsn.utn.edu.ar\/index.php?rest_route=\/wp\/v2\/pages\/246"}],"wp:featuredmedia":[{"embeddable":true,"href":"https:\/\/www.frsn.utn.edu.ar\/index.php?rest_route=\/wp\/v2\/media\/2514"}],"wp:attachment":[{"href":"https:\/\/www.frsn.utn.edu.ar\/index.php?rest_route=%2Fwp%2Fv2%2Fmedia&parent=258"}],"curies":[{"name":"wp","href":"https:\/\/api.w.org\/{rel}","templated":true}]}}