{"id":256,"date":"2018-10-30T14:25:30","date_gmt":"2018-10-30T17:25:30","guid":{"rendered":"https:\/\/frsnweb2.frsn.utn.edu.ar\/?page_id=256"},"modified":"2025-08-18T19:18:30","modified_gmt":"2025-08-18T22:18:30","slug":"cuerpo-docente","status":"publish","type":"page","link":"https:\/\/www.frsn.utn.edu.ar\/?page_id=256","title":{"rendered":"Cuerpo Docente"},"content":{"rendered":"\n<figure class=\"wp-block-table is-style-stripes\"><table><tbody><tr><td><strong>Responsable<br>Dpto. Ingreso<\/strong><\/td><td>Dra. Graciela Mansilla<br>Esp. Natalia Cabo<\/td><\/tr><tr><td><strong>Tutor\u00eda<\/strong><\/td><td>Ing. Melina Pascaner<\/td><\/tr><tr><td><strong><strong><strong>Ambientaci\u00f3n a la Vida Universitaria<\/strong><\/strong><\/strong><\/td><td>Ing. Melina Pascaner\u00a0<br>Lic. Claudia Bruschi<br>Mg. Virginia Bertetti<\/td><\/tr><tr><td><strong>Matem\u00e1tica<\/strong><\/td><td>Prof. Natalia Musso<br>Prof. Leonardo Pons<br>Prof. Mart\u00edn Rojas<br>Ing. Ezequiel Castregnan<\/td><\/tr><tr><td><strong>F\u00edsica<\/strong><\/td><td>Ing. Juan Ignacio Mendoza<br>Ing. Juan Ponce Sayago<br>Ing. Ma. Andrea Mart\u00ednez<br>Ing. Rub\u00e9n L\u00f3pez<\/td><\/tr><tr><td><\/td><td><\/td><\/tr><\/tbody><\/table><\/figure>\n","protected":false},"excerpt":{"rendered":"<p>ResponsableDpto. Ingreso Dra. Graciela MansillaEsp. Natalia Cabo Tutor\u00eda Ing. Melina Pascaner Ambientaci\u00f3n a la Vida Universitaria Ing. Melina Pascaner\u00a0Lic. Claudia BruschiMg. Virginia Bertetti Matem\u00e1tica Prof. Natalia MussoProf. Leonardo PonsProf. Mart\u00edn<\/p>\n","protected":false},"author":2,"featured_media":2514,"parent":246,"menu_order":6,"comment_status":"closed","ping_status":"closed","template":"","meta":[],"_links":{"self":[{"href":"https:\/\/www.frsn.utn.edu.ar\/index.php?rest_route=\/wp\/v2\/pages\/256"}],"collection":[{"href":"https:\/\/www.frsn.utn.edu.ar\/index.php?rest_route=\/wp\/v2\/pages"}],"about":[{"href":"https:\/\/www.frsn.utn.edu.ar\/index.php?rest_route=\/wp\/v2\/types\/page"}],"author":[{"embeddable":true,"href":"https:\/\/www.frsn.utn.edu.ar\/index.php?rest_route=\/wp\/v2\/users\/2"}],"replies":[{"embeddable":true,"href":"https:\/\/www.frsn.utn.edu.ar\/index.php?rest_route=%2Fwp%2Fv2%2Fcomments&post=256"}],"version-history":[{"count":9,"href":"https:\/\/www.frsn.utn.edu.ar\/index.php?rest_route=\/wp\/v2\/pages\/256\/revisions"}],"predecessor-version":[{"id":6109,"href":"https:\/\/www.frsn.utn.edu.ar\/index.php?rest_route=\/wp\/v2\/pages\/256\/revisions\/6109"}],"up":[{"embeddable":true,"href":"https:\/\/www.frsn.utn.edu.ar\/index.php?rest_route=\/wp\/v2\/pages\/246"}],"wp:featuredmedia":[{"embeddable":true,"href":"https:\/\/www.frsn.utn.edu.ar\/index.php?rest_route=\/wp\/v2\/media\/2514"}],"wp:attachment":[{"href":"https:\/\/www.frsn.utn.edu.ar\/index.php?rest_route=%2Fwp%2Fv2%2Fmedia&parent=256"}],"curies":[{"name":"wp","href":"https:\/\/api.w.org\/{rel}","templated":true}]}}