{"id":250,"date":"2018-10-30T14:22:05","date_gmt":"2018-10-30T17:22:05","guid":{"rendered":"https:\/\/frsnweb2.frsn.utn.edu.ar\/?page_id=250"},"modified":"2026-02-02T11:00:39","modified_gmt":"2026-02-02T14:00:39","slug":"requisitos","status":"publish","type":"page","link":"https:\/\/www.frsn.utn.edu.ar\/?page_id=250","title":{"rendered":"Requisitos"},"content":{"rendered":"\n<figure class=\"wp-block-table\"><table><tbody><tr><td>Como aspirante, dentro del per\u00edodo habilitado para la inscripci\u00f3n, deber\u00e1s juntar la siguiente documentaci\u00f3n y luego cargarla en la Solicitud de Ingreso, escaneada en formato PDF:<br><br><strong><em>&#8211; Anal\u00edtico de Estudios Secundarios, de lo contrario, Certificado de T\u00edtulo en\u00a0 Tr\u00e1mite, Certificado de Alumno Regular o Certificado de Materias Adeudadas (lo que corresponda a cada caso particular).<br>&#8211; DNI, anverso y reverso.<br>&#8211; Constancia de CUIL.<br>&#8211; Acta de nacimiento.<\/em><\/strong><br><br>En el momento de la inscripci\u00f3n, como aspirante a ingreso a la Facultad, deber\u00e1s elegir la especialidad que dese\u00e1s cursar. Una vez aprobado el seminario, tendr\u00e1s que confirmar la especialidad en la inscripci\u00f3n a cursado. Pod\u00e9s ver las diferentes fechas de inscripci\u00f3n y modalidades en los cronogramas.<\/td><\/tr><\/tbody><\/table><\/figure>\n","protected":false},"excerpt":{"rendered":"<p>Como aspirante, dentro del per\u00edodo habilitado para la inscripci\u00f3n, deber\u00e1s juntar la siguiente documentaci\u00f3n y luego cargarla en la Solicitud de Ingreso, escaneada en formato PDF: &#8211; Anal\u00edtico de Estudios<\/p>\n","protected":false},"author":2,"featured_media":2514,"parent":246,"menu_order":2,"comment_status":"closed","ping_status":"closed","template":"","meta":[],"_links":{"self":[{"href":"https:\/\/www.frsn.utn.edu.ar\/index.php?rest_route=\/wp\/v2\/pages\/250"}],"collection":[{"href":"https:\/\/www.frsn.utn.edu.ar\/index.php?rest_route=\/wp\/v2\/pages"}],"about":[{"href":"https:\/\/www.frsn.utn.edu.ar\/index.php?rest_route=\/wp\/v2\/types\/page"}],"author":[{"embeddable":true,"href":"https:\/\/www.frsn.utn.edu.ar\/index.php?rest_route=\/wp\/v2\/users\/2"}],"replies":[{"embeddable":true,"href":"https:\/\/www.frsn.utn.edu.ar\/index.php?rest_route=%2Fwp%2Fv2%2Fcomments&post=250"}],"version-history":[{"count":6,"href":"https:\/\/www.frsn.utn.edu.ar\/index.php?rest_route=\/wp\/v2\/pages\/250\/revisions"}],"predecessor-version":[{"id":6583,"href":"https:\/\/www.frsn.utn.edu.ar\/index.php?rest_route=\/wp\/v2\/pages\/250\/revisions\/6583"}],"up":[{"embeddable":true,"href":"https:\/\/www.frsn.utn.edu.ar\/index.php?rest_route=\/wp\/v2\/pages\/246"}],"wp:featuredmedia":[{"embeddable":true,"href":"https:\/\/www.frsn.utn.edu.ar\/index.php?rest_route=\/wp\/v2\/media\/2514"}],"wp:attachment":[{"href":"https:\/\/www.frsn.utn.edu.ar\/index.php?rest_route=%2Fwp%2Fv2%2Fmedia&parent=250"}],"curies":[{"name":"wp","href":"https:\/\/api.w.org\/{rel}","templated":true}]}}