{"id":248,"date":"2018-10-30T14:21:47","date_gmt":"2018-10-30T17:21:47","guid":{"rendered":"https:\/\/frsnweb2.frsn.utn.edu.ar\/?page_id=248"},"modified":"2025-10-09T20:38:32","modified_gmt":"2025-10-09T23:38:32","slug":"seminario-introductorio","status":"publish","type":"page","link":"https:\/\/www.frsn.utn.edu.ar\/?page_id=248","title":{"rendered":"Seminario Introductorio"},"content":{"rendered":"<div class=\"wp-block-image\">\n<figure class=\"aligncenter size-large is-resized\"><img decoding=\"async\" loading=\"lazy\" src=\"https:\/\/www.frsn.utn.edu.ar\/wp-content\/uploads\/2025\/10\/Curso3_Ingreso2026-819x1024.png\" alt=\"\" class=\"wp-image-6292\" width=\"522\" height=\"653\" srcset=\"https:\/\/www.frsn.utn.edu.ar\/wp-content\/uploads\/2025\/10\/Curso3_Ingreso2026-819x1024.png 819w, https:\/\/www.frsn.utn.edu.ar\/wp-content\/uploads\/2025\/10\/Curso3_Ingreso2026-240x300.png 240w, https:\/\/www.frsn.utn.edu.ar\/wp-content\/uploads\/2025\/10\/Curso3_Ingreso2026-768x960.png 768w, https:\/\/www.frsn.utn.edu.ar\/wp-content\/uploads\/2025\/10\/Curso3_Ingreso2026.png 1080w\" sizes=\"(max-width: 522px) 100vw, 522px\" \/><\/figure><\/div>\n\n\n<figure class=\"wp-block-image size-full is-resized\"><img decoding=\"async\" loading=\"lazy\" src=\"https:\/\/www.frsn.utn.edu.ar\/wp-content\/uploads\/2024\/12\/aviso-importante-1.jpg\" alt=\"\" class=\"wp-image-5387\" width=\"190\" height=\"94\" srcset=\"https:\/\/www.frsn.utn.edu.ar\/wp-content\/uploads\/2024\/12\/aviso-importante-1.jpg 600w, https:\/\/www.frsn.utn.edu.ar\/wp-content\/uploads\/2024\/12\/aviso-importante-1-300x148.jpg 300w\" sizes=\"(max-width: 190px) 100vw, 190px\" \/><\/figure>\n\n\n\n<p>Si quer\u00e9s inscribirte a las carreras de Ingenier\u00eda, es importante que record\u00e9s que la apertura del formulario web se habilitar\u00e1 veinte d\u00edas antes de la fecha de cierre de la inscripci\u00f3n.<\/p>\n\n\n\n<p>Tambi\u00e9n ten\u00e9 en cuenta que en el formulario se te solicitar\u00e1 la direcci\u00f3n de una <strong>cuenta de email propia<\/strong>. La misma <strong>debe contener tu nombre y apellido<\/strong>, ya que va a ser de mucha utilidad para poder conectarte a las clases y comunicarte con tus profesores del Seminario.<\/p>\n\n\n\n<hr class=\"wp-block-separator has-alpha-channel-opacity\"\/>\n\n\n\n<p><strong>INSCRIPCI\u00d3N A CARRERAS DE INGENIER\u00cdAS<\/strong><\/p>\n\n\n\n<p>1RA. ETAPA<\/p>\n\n\n\n<p>1 &#8211; Ingres\u00e1 al siguiente link: <a rel=\"noreferrer noopener\" href=\"https:\/\/ingreso.frsn.utn.edu.ar\/\" target=\"_blank\">Solicitud de Ingreso<\/a> y complet\u00e1 con tu n\u00famero de DNI y t\u00fa direcci\u00f3n de mail.<\/p>\n\n\n\n<p>Una vez que completaste esos datos <strong>te llegar\u00e1 un correo electr\u00f3nico<\/strong> a esa direcci\u00f3n de correo que colocaste anteriormente <strong>con un link<\/strong> para <strong>continuar<\/strong> con la <strong>inscripci\u00f3n<\/strong>.<\/p>\n\n\n\n<p>2 &#8211; Deber\u00e1s <strong>completar todos los datos solicitados<\/strong> y adjuntar la siguiente <strong>documentaci\u00f3n <\/strong>en formato <strong>.pdf<\/strong> (Los archivos deben ser guardados y adjuntados con el siguiente formato de nombre: ApellidoNombre_tipodedocumento (Ejemplo PerezJuan_Foto, PerezJuan_Partidadenac)<\/p>\n\n\n\n<ul>\n<li>El <strong>DNI <\/strong>de ambos lados<\/li>\n<\/ul>\n\n\n\n<ul>\n<li><strong>Constancia <\/strong>de <strong>CUIL <\/strong>(descargar de web de ANSES)<\/li>\n<\/ul>\n\n\n\n<ul>\n<li><strong>Acta<\/strong> o <strong>partida de nacimiento<\/strong><\/li>\n<\/ul>\n\n\n\n<ul>\n<li>Si a\u00fan estas cursando el \u00faltimo a\u00f1o de la Escuela Secundaria, el <strong>Certificado de alumno regular <\/strong>del \u00faltimo a\u00f1o del nivel medio. <br>Si ya terminaste la Escuela secundaria y estas recibido, el <strong>T\u00edtulo o Certificado Anal\u00edtico de Estudios Secundarios<\/strong>, de lo contrario, <strong>Certificado de T\u00edtulo en Tr\u00e1mite.<\/strong><\/li>\n<\/ul>\n\n\n\n<p>3 &#8211; Las personas que ya hayan cursado el Seminario Introductorio en a\u00f1os anteriores, tambi\u00e9n deber\u00e1n completar el formulario y enviar la documentaci\u00f3n adjunta al mail. Una vez inscriptos solo deber\u00e1n cursar las materias que no hayan aprobado, recuerden que la validez de la aprobaci\u00f3n de las asignaturas tienen una duraci\u00f3n de 2 a\u00f1os.<\/p>\n\n\n\n<p class=\"has-text-align-center\"><strong>Hasta no tener todos los requisitos (punto 1 al 3) completos, no quedar\u00e1n preinscriptos.<\/strong><\/p>\n\n\n\n<p>Podr\u00e1n ver el cronograma de cursado de los distintos cursos del Seminario Introductorio, ingresar en la p\u00e1gina web de la FRSN <a href=\"https:\/\/www.frsn.utn.edu.ar\/frsn\/\" target=\"_blank\" rel=\"noopener\" title=\"\">https:\/\/www.frsn.utn.edu.ar\/frsn\/<\/a> en la pesta\u00f1a CRONOGRAMAS, dentro de INGRESO INGENIERIA.<\/p>\n\n\n\n<p><strong>Ex\u00e1menes libres<\/strong><\/p>\n\n\n\n<p>En el Curso 2 y Curso 3 del SIN tienen la posibilidad de realizar dos Ex\u00e1menes libres de F\u00edsica y de Matem\u00e1tica. Los temas que se incluyen en el examen los vas a encontrar en el bot\u00f3n Asignaturas dentro de Ingreso a Ingenier\u00eda.<\/p>\n\n\n\n<p>Para acceder a rendir los ex\u00e1menes libres debes:<\/p>\n\n\n\n<p>1 &#8211; Estar inscriptos en el Seminario Introductorio de Nivelaci\u00f3n:<\/p>\n\n\n\n<ul>\n<li>Si ya cursaste (Curso 1 o el Curso 2), y no aprobaste esas asignaturas, podes rendir el examen libre.<\/li>\n\n\n\n<li>Si a\u00fan no te inscribiste, una vez que realices la inscripci\u00f3n, podes rendir el examen libre.<\/li>\n<\/ul>\n\n\n\n<p>2 &#8211; Enviar un mail a <a href=\"mailto:ingreso.frsn@frsn.utn.edu.ar\" target=\"_blank\" rel=\"noopener\" title=\"\">ingreso.frsn@frsn.utn.edu.ar<\/a> con tu nombre completo, nro. de DNI y materia\/s que vas a rendir libre.<br><\/p>\n\n\n\n<p>Si aprobas dichos ex\u00e1menes no deber\u00e1s cursar esas asignaturas en el Seminario Introductorio de Nivelaci\u00f3n.<\/p>\n","protected":false},"excerpt":{"rendered":"<p>Si quer\u00e9s inscribirte a las carreras de Ingenier\u00eda, es importante que record\u00e9s que la apertura del formulario web se habilitar\u00e1 veinte d\u00edas antes de la fecha de cierre de la<\/p>\n","protected":false},"author":2,"featured_media":2514,"parent":246,"menu_order":3,"comment_status":"closed","ping_status":"closed","template":"","meta":[],"_links":{"self":[{"href":"https:\/\/www.frsn.utn.edu.ar\/index.php?rest_route=\/wp\/v2\/pages\/248"}],"collection":[{"href":"https:\/\/www.frsn.utn.edu.ar\/index.php?rest_route=\/wp\/v2\/pages"}],"about":[{"href":"https:\/\/www.frsn.utn.edu.ar\/index.php?rest_route=\/wp\/v2\/types\/page"}],"author":[{"embeddable":true,"href":"https:\/\/www.frsn.utn.edu.ar\/index.php?rest_route=\/wp\/v2\/users\/2"}],"replies":[{"embeddable":true,"href":"https:\/\/www.frsn.utn.edu.ar\/index.php?rest_route=%2Fwp%2Fv2%2Fcomments&post=248"}],"version-history":[{"count":34,"href":"https:\/\/www.frsn.utn.edu.ar\/index.php?rest_route=\/wp\/v2\/pages\/248\/revisions"}],"predecessor-version":[{"id":6294,"href":"https:\/\/www.frsn.utn.edu.ar\/index.php?rest_route=\/wp\/v2\/pages\/248\/revisions\/6294"}],"up":[{"embeddable":true,"href":"https:\/\/www.frsn.utn.edu.ar\/index.php?rest_route=\/wp\/v2\/pages\/246"}],"wp:featuredmedia":[{"embeddable":true,"href":"https:\/\/www.frsn.utn.edu.ar\/index.php?rest_route=\/wp\/v2\/media\/2514"}],"wp:attachment":[{"href":"https:\/\/www.frsn.utn.edu.ar\/index.php?rest_route=%2Fwp%2Fv2%2Fmedia&parent=248"}],"curies":[{"name":"wp","href":"https:\/\/api.w.org\/{rel}","templated":true}]}}