{"id":24,"date":"2018-10-04T14:46:35","date_gmt":"2018-10-04T17:46:35","guid":{"rendered":"http:\/\/wordpress-test.frsn.utn.edu.ar\/?page_id=24"},"modified":"2026-03-05T10:38:46","modified_gmt":"2026-03-05T13:38:46","slug":"secretarias","status":"publish","type":"page","link":"https:\/\/www.frsn.utn.edu.ar\/?page_id=24","title":{"rendered":"Secretar\u00edas"},"content":{"rendered":"<p style=\"text-align: center;\"><a href=\"https:\/\/www.frsn.utn.edu.ar\/?page_id=341\">Acad\u00e9mica\u00a0y de Planeamiento<\/a><\/p>\n<p style=\"text-align: center;\"><a href=\"https:\/\/www.frsn.utn.edu.ar\/?page_id=355\">Administrativa<\/a><\/p>\n<p style=\"text-align: center;\"><a href=\"https:\/\/www.frsn.utn.edu.ar\/?page_id=360\">Ciencia y Tecnolog\u00eda<\/a><\/p>\n<p style=\"text-align: center;\"><a href=\"https:\/\/www.frsn.utn.edu.ar\/?page_id=398\">Educaci\u00f3n Continua y Posgrado<\/a><\/p>\n<p style=\"text-align: center;\"><a href=\"https:\/\/www.frsn.utn.edu.ar\/?page_id=388\">Estudiantes<\/a><\/p>\n<p style=\"text-align: center;\"><a href=\"https:\/\/www.frsn.utn.edu.ar\/?page_id=366\">Extensi\u00f3n Universitaria y Cultura<\/a><\/p>\n<p style=\"text-align: center;\">Gesti\u00f3n Institucional<\/p>\n<p style=\"text-align: center;\"><a href=\"https:\/\/www.frsn.utn.edu.ar\/?page_id=402\">Innovaci\u00f3n y Vinculaci\u00f3n Tecnol\u00f3gica<\/a><\/p>\n<p style=\"text-align: center;\">Relaciones Institucionales<\/p>\n<p style=\"text-align: center;\"><a href=\"https:\/\/www.frsn.utn.edu.ar\/?page_id=406\">Tecnolog\u00edas de la Informaci\u00f3n y Comunicaci\u00f3n<\/a><\/p>\n<p style=\"text-align: center;\">\n<p style=\"text-align: center;\">\n","protected":false},"excerpt":{"rendered":"<p>Acad\u00e9mica\u00a0y de Planeamiento Administrativa Ciencia y Tecnolog\u00eda Educaci\u00f3n Continua y Posgrado Estudiantes Extensi\u00f3n Universitaria y Cultura Gesti\u00f3n Institucional Innovaci\u00f3n y Vinculaci\u00f3n Tecnol\u00f3gica Relaciones Institucionales Tecnolog\u00edas de la Informaci\u00f3n y Comunicaci\u00f3n<\/p>\n","protected":false},"author":2,"featured_media":2514,"parent":15,"menu_order":4,"comment_status":"closed","ping_status":"closed","template":"","meta":[],"_links":{"self":[{"href":"https:\/\/www.frsn.utn.edu.ar\/index.php?rest_route=\/wp\/v2\/pages\/24"}],"collection":[{"href":"https:\/\/www.frsn.utn.edu.ar\/index.php?rest_route=\/wp\/v2\/pages"}],"about":[{"href":"https:\/\/www.frsn.utn.edu.ar\/index.php?rest_route=\/wp\/v2\/types\/page"}],"author":[{"embeddable":true,"href":"https:\/\/www.frsn.utn.edu.ar\/index.php?rest_route=\/wp\/v2\/users\/2"}],"replies":[{"embeddable":true,"href":"https:\/\/www.frsn.utn.edu.ar\/index.php?rest_route=%2Fwp%2Fv2%2Fcomments&post=24"}],"version-history":[{"count":18,"href":"https:\/\/www.frsn.utn.edu.ar\/index.php?rest_route=\/wp\/v2\/pages\/24\/revisions"}],"predecessor-version":[{"id":6649,"href":"https:\/\/www.frsn.utn.edu.ar\/index.php?rest_route=\/wp\/v2\/pages\/24\/revisions\/6649"}],"up":[{"embeddable":true,"href":"https:\/\/www.frsn.utn.edu.ar\/index.php?rest_route=\/wp\/v2\/pages\/15"}],"wp:featuredmedia":[{"embeddable":true,"href":"https:\/\/www.frsn.utn.edu.ar\/index.php?rest_route=\/wp\/v2\/media\/2514"}],"wp:attachment":[{"href":"https:\/\/www.frsn.utn.edu.ar\/index.php?rest_route=%2Fwp%2Fv2%2Fmedia&parent=24"}],"curies":[{"name":"wp","href":"https:\/\/api.w.org\/{rel}","templated":true}]}}