{"id":22,"date":"2018-10-04T14:45:12","date_gmt":"2018-10-04T17:45:12","guid":{"rendered":"http:\/\/wordpress-test.frsn.utn.edu.ar\/?page_id=22"},"modified":"2026-03-05T10:33:12","modified_gmt":"2026-03-05T13:33:12","slug":"consejo-directivo","status":"publish","type":"page","link":"https:\/\/www.frsn.utn.edu.ar\/?page_id=22","title":{"rendered":"Consejo Directivo"},"content":{"rendered":"\n<p class=\"has-text-align-center\"><strong>Presidente:<\/strong> <\/p>\n\n\n\n<p class=\"has-text-align-center\">Ing. Haroldo T. Avetta<\/p>\n\n\n\n<p class=\"has-text-align-center\"><strong>Consejeros Docentes Titulares<\/strong><\/p>\n\n\n\n<p class=\"has-text-align-center\">Dr. Ing. Marcelo Valentini<\/p>\n\n\n\n<p class=\"has-text-align-center\">Mg. Mar\u00eda Elena Schivo<\/p>\n\n\n\n<p class=\"has-text-align-center\">Dra. Ing. Elena Brandaleze<\/p>\n\n\n\n<p class=\"has-text-align-center\">Ing. Ra\u00fal L\u00f3pez<\/p>\n\n\n\n<p class=\"has-text-align-center\">Ing. Mario Cordisco<\/p>\n\n\n\n<p class=\"has-text-align-center\">Ing. Tomas Avetta<\/p>\n\n\n\n<p class=\"has-text-align-center\">Ing. Susana Doque<\/p>\n\n\n\n<p class=\"has-text-align-center\">Lic. Alejandro Garc\u00eda<\/p>\n\n\n\n<p class=\"has-text-align-center\">Lic. Pablo Pannunzio<\/p>\n\n\n\n<p class=\"has-text-align-center\"><strong>Consejeros Graduados Titulares<\/strong><\/p>\n\n\n\n<p class=\"has-text-align-center\">Ing. Jos\u00e9 H. Salafia<\/p>\n\n\n\n<p class=\"has-text-align-center\">Ing. Sebasti\u00e1n Sosa<\/p>\n\n\n\n<p class=\"has-text-align-center\">Ing. Gabriel L. Lescano<\/p>\n\n\n\n<p class=\"has-text-align-center\">Esp. Cintia L. Pasti<\/p>\n\n\n\n<p class=\"has-text-align-center\"><strong>Consejeros Estudiantiles Titulares<\/strong><\/p>\n\n\n\n<p class=\"has-text-align-center\">Sr. Germ\u00e1n Mingroni<\/p>\n\n\n\n<p class=\"has-text-align-center\">Srta. Micaela Mart\u00ednez<\/p>\n\n\n\n<p class=\"has-text-align-center\">Sr. Mauro Casella<\/p>\n\n\n\n<p class=\"has-text-align-center\">Ing. Mauro Dorsch<\/p>\n\n\n\n<p class=\"has-text-align-center\"><strong>Consejero Nodocente Titular<\/strong><\/p>\n\n\n\n<p class=\"has-text-align-center\">Sr. Facundo Becker<\/p>\n","protected":false},"excerpt":{"rendered":"<p>Presidente: Ing. Haroldo T. Avetta Consejeros Docentes Titulares Dr. Ing. Marcelo Valentini Mg. Mar\u00eda Elena Schivo Dra. Ing. Elena Brandaleze Ing. Ra\u00fal L\u00f3pez Ing. Mario Cordisco Ing. Tomas Avetta Ing.<\/p>\n","protected":false},"author":2,"featured_media":2457,"parent":15,"menu_order":3,"comment_status":"closed","ping_status":"closed","template":"","meta":[],"_links":{"self":[{"href":"https:\/\/www.frsn.utn.edu.ar\/index.php?rest_route=\/wp\/v2\/pages\/22"}],"collection":[{"href":"https:\/\/www.frsn.utn.edu.ar\/index.php?rest_route=\/wp\/v2\/pages"}],"about":[{"href":"https:\/\/www.frsn.utn.edu.ar\/index.php?rest_route=\/wp\/v2\/types\/page"}],"author":[{"embeddable":true,"href":"https:\/\/www.frsn.utn.edu.ar\/index.php?rest_route=\/wp\/v2\/users\/2"}],"replies":[{"embeddable":true,"href":"https:\/\/www.frsn.utn.edu.ar\/index.php?rest_route=%2Fwp%2Fv2%2Fcomments&post=22"}],"version-history":[{"count":19,"href":"https:\/\/www.frsn.utn.edu.ar\/index.php?rest_route=\/wp\/v2\/pages\/22\/revisions"}],"predecessor-version":[{"id":6646,"href":"https:\/\/www.frsn.utn.edu.ar\/index.php?rest_route=\/wp\/v2\/pages\/22\/revisions\/6646"}],"up":[{"embeddable":true,"href":"https:\/\/www.frsn.utn.edu.ar\/index.php?rest_route=\/wp\/v2\/pages\/15"}],"wp:featuredmedia":[{"embeddable":true,"href":"https:\/\/www.frsn.utn.edu.ar\/index.php?rest_route=\/wp\/v2\/media\/2457"}],"wp:attachment":[{"href":"https:\/\/www.frsn.utn.edu.ar\/index.php?rest_route=%2Fwp%2Fv2%2Fmedia&parent=22"}],"curies":[{"name":"wp","href":"https:\/\/api.w.org\/{rel}","templated":true}]}}