{"id":2144,"date":"2019-04-12T15:38:40","date_gmt":"2019-04-12T18:38:40","guid":{"rendered":"https:\/\/frsnweb2.frsn.utn.edu.ar\/?page_id=2144"},"modified":"2019-10-08T15:01:16","modified_gmt":"2019-10-08T18:01:16","slug":"centro-de-estudios-estadisticos","status":"publish","type":"page","link":"https:\/\/www.frsn.utn.edu.ar\/?page_id=2144","title":{"rendered":"Centro de Estudios Estad\u00edsticos"},"content":{"rendered":"\n<p>El Centro de Estudios Estad\u00edsticos de la UTN- Facultad\nRegional San Nicol\u00e1s es un organismo dependiente de la facultad que brinda\nservicios para la comunidad. Est\u00e1 compuesto por dos ejes principales de\ntrabajo: la realizaci\u00f3n de un Censo Comercial y los indicadores comerciales e\nindustriales. <\/p>\n\n\n\n<p>En el censo comercial, lo que se realiza es un relevamiento\ngeogr\u00e1fico de los comercios y entidades de la ciudad asignando a cada uno de\nellos un rubro y subrubro para su posterior an\u00e1lisis. <\/p>\n\n\n\n<p>Con la informaci\u00f3n obtenida en el relevamiento se podr\u00e1\ndeterminar como esta distribuida la parte comercial en la ciudad, as\u00ed como\ntambi\u00e9n el impacto positivo o impositivo de los diferentes rubros comparando\na\u00f1o tras a\u00f1o. <\/p>\n\n\n\n<p>Con respecto a los indicadores se plantean los siguientes:<\/p>\n\n\n\n<p><strong>IPIP (\u00cdndice de Producci\u00f3n Industrial Pyme)<\/strong><\/p>\n\n\n\n<p>Este indicador marca la variaci\u00f3n de la producci\u00f3n Industrial\nPyme.<\/p>\n\n\n\n<p>El relevamiento se lleva a cabo de la siguiente manera: <\/p>\n\n\n\n<p>A principio de mes, CAME env\u00eda a cada relevador de las\ndiferentes ciudades asociadas a ellos, incluida San Nicol\u00e1s, un plannig mensual\ndonde se ilustran los d\u00edas en los cuales se deben realizar las encuestas. <\/p>\n\n\n\n<p>Los primeros d\u00edas de cada mes, generalmente entre las\nprimeras semanas de mes se realizan las encuestas a las Pymes <\/p>\n\n\n\n<p>Luego, una vez analizado y realizado el \u00edndice nacional por\nparte de la CAME, se le entrega a cada relevador el informe correspondiente. <\/p>\n\n\n\n<p>Una vez que CAME hace entrega del informe, el equipo T\u00e9cnico\ndel Centro de Estudios Estad\u00edsticos realiza un informe con los datos locales de\nla ciudad para que se puedan comparar.<\/p>\n\n\n\n<p><strong>VM (\u00cdndice de Variaci\u00f3n Minorista)<\/strong><\/p>\n\n\n\n<p>Este indicador marca la variaci\u00f3n de las ventas minoristas.<\/p>\n\n\n\n<p>El relevamiento se lleva a cabo de la siguiente manera: <\/p>\n\n\n\n<p>A principio de mes, CAME env\u00eda a cada relevador de las\ndiferentes ciudades asociadas a ellos, incluida San Nicol\u00e1s, un plannig mensual\ndonde se ilustran los d\u00edas en los cuales se deben realizar las encuestas. <\/p>\n\n\n\n<p>Los \u00faltimos d\u00edas de cada mes, generalmente en la \u00faltima\nsemana del mes se realizan las encuestas a los comercios minoristas.<\/p>\n\n\n\n<p>Luego, una vez analizado y realizado el \u00edndice nacional por\nparte de la CAME, se le entrega a cada relevador el informe correspondiente. <\/p>\n\n\n\n<p>Una vez que CAME hace entrega del informe, el equipo T\u00e9cnico\ndel Centro de Estudios Estad\u00edsticos realiza un informe con los datos locales de\nla ciudad para que se puedan comparar.<\/p>\n\n\n\n<p><strong>IPOD (\u00cdndice de producci\u00f3n de origen y destino)<\/strong><\/p>\n\n\n\n<p>Este indicador marca la variaci\u00f3n de precios de los\nproductos mes a mes.<\/p>\n\n\n\n<p>Este indicador no posee informe posterior pero los datos son\nenviados a CAME para su an\u00e1lisis.<\/p>\n\n\n\n<p><strong>Integrantes:<\/strong><\/p>\n\n\n\n<p><strong>Director del Proyecto:<\/strong> Ing. Juan Carlos Petroni<\/p>\n\n\n\n<p><strong>Asistentes T\u00e9cnicos: <\/strong>Denis Paula<strong>; <\/strong>Iranzo Lucas<strong>; <\/strong>Lozano Florencia<strong>; <\/strong>Nataloni Giuliana<strong>; <\/strong>Pasqualotto Giuliana<strong>; <\/strong>Pereyra Valentina<strong>; <\/strong>Ramos Franco<strong>; <\/strong>Salguero Mar\u00eda Guadalupe<\/p>\n\n\n\n<ul><li><a href=\"https:\/\/www.frsn.utn.edu.ar\/wp-content\/uploads\/2019\/10\/ENERO-2019-CEE-.pdf\">Informe Enero 2019<\/a><\/li><li><a href=\"https:\/\/www.frsn.utn.edu.ar\/wp-content\/uploads\/2019\/10\/FEBRERO-2019-CEE.pdf\">Informe Febrero 2019<\/a><\/li><li><a href=\"https:\/\/www.frsn.utn.edu.ar\/wp-content\/uploads\/2019\/10\/MARZO-2019-CEE.pdf\">Informe Marzo 2019<\/a><\/li><li><a href=\"https:\/\/www.frsn.utn.edu.ar\/wp-content\/uploads\/2019\/10\/ABRIL-2019-CEE.pdf\">Informe Abril 2019<\/a><\/li><li><a href=\"https:\/\/www.frsn.utn.edu.ar\/wp-content\/uploads\/2019\/10\/MAYO-2019-CEE.pdf\">Informe Mayo 2019<\/a><\/li><li><a href=\"https:\/\/www.frsn.utn.edu.ar\/wp-content\/uploads\/2019\/10\/JUNIO-2019-CEE.pdf\">Informe Junio 2019<\/a><\/li><li><a href=\"https:\/\/www.frsn.utn.edu.ar\/wp-content\/uploads\/2019\/10\/JULIO-2019-CEE.pdf\">Informe Julio 2019 <\/a><\/li><li><a href=\"https:\/\/www.frsn.utn.edu.ar\/wp-content\/uploads\/2019\/10\/AGOSTO-2019-CEE.pdf\">Informe Agosto 2019<\/a><\/li><\/ul>\n","protected":false},"excerpt":{"rendered":"<p>El Centro de Estudios Estad\u00edsticos de la UTN- Facultad Regional San Nicol\u00e1s es un organismo dependiente de la facultad que brinda servicios para la comunidad. Est\u00e1 compuesto por dos ejes<\/p>\n","protected":false},"author":2,"featured_media":0,"parent":143,"menu_order":0,"comment_status":"closed","ping_status":"closed","template":"","meta":[],"_links":{"self":[{"href":"https:\/\/www.frsn.utn.edu.ar\/index.php?rest_route=\/wp\/v2\/pages\/2144"}],"collection":[{"href":"https:\/\/www.frsn.utn.edu.ar\/index.php?rest_route=\/wp\/v2\/pages"}],"about":[{"href":"https:\/\/www.frsn.utn.edu.ar\/index.php?rest_route=\/wp\/v2\/types\/page"}],"author":[{"embeddable":true,"href":"https:\/\/www.frsn.utn.edu.ar\/index.php?rest_route=\/wp\/v2\/users\/2"}],"replies":[{"embeddable":true,"href":"https:\/\/www.frsn.utn.edu.ar\/index.php?rest_route=%2Fwp%2Fv2%2Fcomments&post=2144"}],"version-history":[{"count":6,"href":"https:\/\/www.frsn.utn.edu.ar\/index.php?rest_route=\/wp\/v2\/pages\/2144\/revisions"}],"predecessor-version":[{"id":2565,"href":"https:\/\/www.frsn.utn.edu.ar\/index.php?rest_route=\/wp\/v2\/pages\/2144\/revisions\/2565"}],"up":[{"embeddable":true,"href":"https:\/\/www.frsn.utn.edu.ar\/index.php?rest_route=\/wp\/v2\/pages\/143"}],"wp:attachment":[{"href":"https:\/\/www.frsn.utn.edu.ar\/index.php?rest_route=%2Fwp%2Fv2%2Fmedia&parent=2144"}],"curies":[{"name":"wp","href":"https:\/\/api.w.org\/{rel}","templated":true}]}}