{"id":198,"date":"2018-10-25T14:45:37","date_gmt":"2018-10-25T17:45:37","guid":{"rendered":"https:\/\/frsnweb2.frsn.utn.edu.ar\/?page_id=198"},"modified":"2024-04-05T03:40:29","modified_gmt":"2024-04-05T06:40:29","slug":"proyectos-de-investigacion","status":"publish","type":"page","link":"https:\/\/www.frsn.utn.edu.ar\/?page_id=198","title":{"rendered":"Proyectos de Investigaci\u00f3n"},"content":{"rendered":"\n<p class=\"has-text-align-center\"><strong><u>Proyectos UTN<\/u><\/strong><\/p>\n\n\n\n<figure class=\"wp-block-table\"><table class=\"has-fixed-layout\"><tbody><tr><td><strong>TITULO<\/strong><\/td><td><strong>TIPO\/ CODIGO<\/strong><\/td><td><strong>DIRECTOR<\/strong><\/td><td><strong>CODIRECTOR<\/strong><\/td><td><strong>DURACION<\/strong><\/td><\/tr><tr><td>Textura, microtextura y propiedades en productos planos de metales y aleaciones de alta resistencia obtenidos por SPD<\/td><td>PID-UTN equipos consolidados tipo A con<br>Incentivos<br>8407TC<\/td><td>Martina Avalos<\/td><td><\/td><td>01\/01\/2022<br>31\/12\/2024<\/td><\/tr><tr><td>Degradaci\u00f3n por hidr\u00f3geni asistida por tensi\u00f3n en aleaciones comerciales expuestas a atm\u00f3sferas agresivas<\/td><td>PID-UTN equipos consolidados tipo A con<br>Incentivos<br>8450TC<\/td><td>Graciela Mansilla<\/td><td><\/td><td>01\/01\/2022<br>31\/12\/2024<\/td><\/tr><tr><td>Utilizaci\u00f3n de residuos agroindustriales como agregados en materiales cer\u00e1micos de porosidad controlada<\/td><td>PID-UTN equipos consolidados tipo B con<br>Incentivos<br>8457TC<\/td><td>Nancy quaranta<\/td><td>Marta Caligaris<\/td><td>01\/01\/2022<br>31\/12\/2024<\/td><\/tr><tr><td>Herramientas y dispositivos de telemedicina aplicados al cuidado y seguimiento de pacientes<\/td><td>PID-UTN en consolidaci\u00f3n tipo B con<br>Incentivos<br>8523TC<\/td><td>Sergio Ponce<\/td><td><\/td><td>01\/01\/2022<br>31\/12\/2024<\/td><\/tr><tr><td>An\u00e1lisis de dispositivos de izaje de carga para contribuir a la optimizaci\u00f3n de los dise\u00f1os y su comportamiento a la fatiga<\/td><td>PID-UTN en consolidaci\u00f3n sin<br>Incentivos<br>8736<\/td><td>Walter Giordano<\/td><td>Cristian Dom\u00ednguez<\/td><td>01\/04\/2023<br>31\/03\/2026<\/td><\/tr><tr><td>An\u00e1lisis, dise\u00f1o y verificaci\u00f3n seg\u00fan norma nag-e 401 de dispositivos de sujeci\u00f3n de cilindro\/s para gnc<\/td><td>PID-UTN en consolidaci\u00f3n sin<br>Incentivos<br>8737<\/td><td>Walter Giordano<\/td><td>Cristian Dom\u00ednguez<\/td><td>01\/04\/2023<br>31\/03\/2026<\/td><\/tr><tr><td>Dise\u00f1o de estructuras de control para redes de distribuci\u00f3n activas con alta penetraci\u00f3n de generaci\u00f3n renovable y almacenadores de energ\u00eda<\/td><td>PID-UTN en consolidaci\u00f3n con<br>Incentivos<br>8781TC<\/td><td>Pablo Rullo<\/td><td>David Zumoffen<\/td><td>01\/04\/2023<br>31\/03\/2026<\/td><\/tr><tr><td>Incidencia de los tratamientos t\u00e9rmicos sobre la relajaci\u00f3n de tensiones de acero inoxidable aisi 316l ab initio<\/td><td>PID-UTN en consolidaci\u00f3n sin<br>Incentivos<br>8585<\/td><td>Mariano Ines<\/td><td><\/td><td>01\/04\/2023<br>31\/03\/2026<\/td><\/tr><tr><td>Desarrollo de un sistema de adquisici\u00f3n y an\u00e1lisis de se\u00f1ales de vibraci\u00f3n multicanal para el an\u00e1lisis de rotores<\/td><td>PID-UTN en consolidaci\u00f3n sin<br>Incentivos<br>8611<\/td><td>Fernando Palmieri<\/td><td>Andreas Klempnow<\/td><td>01\/04\/2023<br>31\/03\/2026<\/td><\/tr><tr><td>Valorizaci\u00f3n de cenizas de biomasa en usos diversos<\/td><td>PID-UTN\u00a0 consolidados sin<br>Incentivos<br>8652\/9926<\/td><td>Gisela Pelozo<\/td><td><\/td><td>01\/04\/2023<br>31\/03\/2026<\/td><\/tr><tr><td>Sistema de localizaci\u00f3n para robots m\u00f3viles en interiores<\/td><td>PID-UTN en consolidaci\u00f3n con<br>Incentivos ECSN0010095TC<\/td><td>Juan Ignacio Giribet<\/td><td>Guillermo Campomar<\/td><td>01\/04\/2024<br>31\/03\/2027<\/td><\/tr><tr><td>Estudio del comportamiento de productos met\u00e1licos, no met\u00e1licos y materiales compuestos obtenidos mediante diferentes procesos<\/td><td>PID-UTN\u00a0 Equipos consolidados sin<br>Incentivos<br>TCSN0010136<\/td><td>Elena Brandaleze<\/td><td>Martina Avalos<\/td><td>01\/04\/2024<br>31\/03\/2027<\/td><\/tr><tr><td>Caracterizaci\u00f3n del comportamiento de cristalizaci\u00f3n y termof\u00edsico en condiciones de temperaturas industriales de materiales complejos<\/td><td>PID-UTN\u00a0 Equipos consolidados con<br>Incentivos<br>TCSN0010155TC<\/td><td>Elena Brandaleze<\/td><td>Vanesa Bazan Brizuela<\/td><td>01\/04\/2024<br>31\/03\/2027<\/td><\/tr><tr><td>Ciencia de datos basada en teor\u00eda de la informaci\u00f3n para la mejora de toma de decisiones<\/td><td>PID-UTN\u00a0 Inter Institucional sin<br>Incentivos<br>INNSN0010189<\/td><td>Pilar Bulacio<\/td><td>Sergio Ponce<\/td><td>01\/04\/2024<br>31\/03\/2027<\/td><\/tr><tr><td>Estudio de la aptitud al conformado de aceros especiales sometidos a procesos de alta deformaci\u00f3n y su correlacion con la microestructura<\/td><td>PID-UTN\u00a0 Primer proyecto sin<br>Incentivos<br>PPSN0010220<\/td><td>Mykhaylo Romanyuk<\/td><td>Edgardo Benavidez<\/td><td>01\/04\/2024<br>31\/03\/2026<\/td><\/tr><tr><td>Soldadura de aceros avanzados y aleaciones ligeras<\/td><td>PID-UTN\u00a0 Inter Institucional con<br>Incentivos INISN0010093TC<\/td><td>Cesar David Marconi<\/td><td>Mar\u00eda Jos\u00e9 Castillo<\/td><td>01\/04\/2024<br>31\/03\/2027<\/td><\/tr><tr><td>Medici\u00f3n experimental y modelizaci\u00f3n termodin\u00e1mica de propiedades termof\u00edsicas asociadas a sistemas multicomponentes de inter\u00e9s metal\u00fargico<\/td><td>PID-UTN en consolidaci\u00f3n con<br>Incentivos ECSN0010146TC<\/td><td>Leandro Mat\u00edas Santini<\/td><td>Alejandro Mart\u00edn<\/td><td>01\/04\/2024<br>31\/03\/2027<\/td><\/tr><tr><td>Manufactura aditiva de materiales met\u00e1licos por arco el\u00e9ctrico: comparaci\u00f3n entre procesos con alambre (waam) y con polvo (pta)<\/td><td>PID-UTN\u00a0 Inter Institucional sin<br>Incentivos<br>INNSN0010210<\/td><td>Hern\u00e1n Gabriel Svoboda<\/td><td>Edgardo Benavidez<\/td><td>01\/04\/2024<br>31\/03\/2027<\/td><\/tr><\/tbody><\/table><\/figure>\n\n\n\n<p class=\"has-text-align-center\"><strong><u>Proyectos PIDA<\/u><\/strong><\/p>\n\n\n\n<figure class=\"wp-block-table\"><table class=\"has-fixed-layout\"><tbody><tr><td><strong>TITULO<\/strong><\/td><td><strong>TIPO\/ CODIGO<\/strong><\/td><td><strong>DIRECTOR<\/strong><\/td><td><strong>CODIRECTOR<\/strong><\/td><td><strong>DURACION<\/strong><\/td><\/tr><tr><td>El desarrollo de competencias gen\u00e9ricas durante el aprendizaje de matem\u00e1tica<\/td><td>PIDA con<br>Incentivos.<br>Tipo B<br>(8406)<\/td><td>Marta Caligaris<\/td><td>Georgina Rodr\u00edguez<\/td><td>01\/01\/2022<br>31\/12\/2024<\/td><\/tr><tr><td>An\u00e1lisis de las pr\u00e1cticas de ense\u00f1anza que incluyan recursos digitales, en particular videos tutoriales, y de la potencial conformaci\u00f3n de escenarios que ampl\u00eden las oportunidades de aprendizaje y consolidaci\u00f3n de la trayectoria acad\u00e9mica de los estudiantes.<\/td><td>PIDA Sin Incentivos.<br>Tipo A<br>8435<\/td><td>Alejandro Spiegel<\/td><td><\/td><td>01\/01\/2022<br>31\/12\/2024<\/td><\/tr><tr><td>Dise\u00f1ar una propuesta acad\u00e9mica e-blended para la carrera ingenier\u00eda industrial desde el an\u00e1lisis de su dise\u00f1o curricular centrado en competencias<\/td><td>PIDA con Incentivos.<br>Tipo A<br>8490<\/td><td>Blanca Carrizo<\/td><td>Jorge Abet<\/td><td>01\/01\/2022<br>31\/12\/2024<\/td><\/tr><tr><td>An\u00e1lisis de la implementaci\u00f3n y seguimiento de la propuesta de formaci\u00f3n por competencias en el contexto de las adecuaciones de los dise\u00f1os curriculares de la universidad tecnol\u00f3gica nacional<\/td><td>PID-UTN Inter Facultad sin<br>Incentivos TEIFNBB0010109<\/td><td>Rafael Omar Cura<\/td><td>Karina Fernando<\/td><td>01\/04\/2024<br>31\/03\/2027<\/td><\/tr><\/tbody><\/table><\/figure>\n\n\n\n<p class=\"has-text-align-center\"><strong><u>Planilla PID tipo Facultad \u2013 Convocatoria 2022 &#8211; APROBADOS<\/u><\/strong><\/p>\n\n\n\n<figure class=\"wp-block-table\"><table class=\"has-fixed-layout\"><tbody><tr><td class=\"has-text-align-left\" data-align=\"left\"><strong>TITULO<\/strong><\/td><td class=\"has-text-align-center\" data-align=\"center\"><strong>PROGRAMA<\/strong><\/td><td class=\"has-text-align-center\" data-align=\"center\"><strong>DIRECTOR<\/strong><\/td><td class=\"has-text-align-center\" data-align=\"center\"><strong>CODIRECTOR<\/strong><\/td><td class=\"has-text-align-center\" data-align=\"center\"><strong>DURACI\u00d3N<\/strong><\/td><\/tr><tr><td class=\"has-text-align-left\" data-align=\"left\">Desarrollo de competencias matem\u00e1ticas en estudiantes de primer a\u00f1o en carreras de ingenier\u00eda<\/td><td class=\"has-text-align-center\" data-align=\"center\">Tecnolog\u00eda Educativa y Ense\u00f1anza de la Ingenier\u00eda<\/td><td class=\"has-text-align-center\" data-align=\"center\">Lorena Laugero<\/td><td class=\"has-text-align-center\" data-align=\"center\"><\/td><td class=\"has-text-align-center\" data-align=\"center\"><strong>24 meses<\/strong><br>01\/04\/2023<br>31\/03\/2025<\/td><\/tr><tr><td class=\"has-text-align-left\" data-align=\"left\">Impacto de la din\u00e1mica de la instrumentaci\u00f3n de procesos en la eficiencia y seguridad de lazos de control autom\u00e1tico<\/td><td class=\"has-text-align-center\" data-align=\"center\">Electr\u00f3nica, Inform\u00e1tica y Comunicaciones<\/td><td class=\"has-text-align-center\" data-align=\"center\">Alejandro Lucchesi<\/td><td class=\"has-text-align-center\" data-align=\"center\">Guillermo Campomar<\/td><td class=\"has-text-align-center\" data-align=\"center\"><strong>24 meses<\/strong><br>01\/04\/2023<br>31\/03\/2025<\/td><\/tr><tr><td class=\"has-text-align-left\" data-align=\"left\">Aplicaci\u00f3n de metodolog\u00edas activas en f\u00edsica en carreras de ingenier\u00eda de la frsn-utn, para favorecer la formaci\u00f3n en competencias.<\/td><td class=\"has-text-align-center\" data-align=\"center\">Tecnolog\u00eda Educativa y Ense\u00f1anza de la Ingenier\u00eda<\/td><td class=\"has-text-align-center\" data-align=\"center\">Valeria Sparvoli<\/td><td class=\"has-text-align-center\" data-align=\"center\"><\/td><td class=\"has-text-align-center\" data-align=\"center\"><strong>24 meses<\/strong><br>01\/04\/2023<br>31\/03\/2025<\/td><\/tr><tr><td class=\"has-text-align-left\" data-align=\"left\">Herramientas para la remotizaci\u00f3n de laboratorios en ingenier\u00eda<\/td><td class=\"has-text-align-center\" data-align=\"center\">Electr\u00f3nica, Inform\u00e1tica y Comunicaciones<\/td><td class=\"has-text-align-center\" data-align=\"center\">Ricardo Mart\u00edn Fern\u00e1ndez<\/td><td class=\"has-text-align-center\" data-align=\"center\"><\/td><td class=\"has-text-align-center\" data-align=\"center\"><strong>24 meses<\/strong><br>01\/04\/2023<br>31\/03\/2025<\/td><\/tr><tr><td class=\"has-text-align-left\" data-align=\"left\">Posicionamiento y navegaci\u00f3n de bases m\u00f3viles en entornos cerrados<\/td><td class=\"has-text-align-center\" data-align=\"center\">Electr\u00f3nica, Inform\u00e1tica y Comunicaciones<\/td><td class=\"has-text-align-center\" data-align=\"center\">Ricardo Mart\u00edn Fern\u00e1ndez<\/td><td class=\"has-text-align-center\" data-align=\"center\"><\/td><td class=\"has-text-align-center\" data-align=\"center\"><strong>24 meses<\/strong><br>01\/04\/2023<br>31\/03\/2025<\/td><\/tr><tr><td class=\"has-text-align-left\" data-align=\"left\">Desarrollo de un motor de flujo axial para su aplicacion en electromovilidad<\/td><td class=\"has-text-align-center\" data-align=\"center\">Energ\u00eda<\/td><td class=\"has-text-align-center\" data-align=\"center\">Walter Aguilera<\/td><td class=\"has-text-align-center\" data-align=\"center\"><\/td><td class=\"has-text-align-center\" data-align=\"center\"><strong>24 meses<\/strong><br>01\/04\/2023<br>31\/03\/2025<\/td><\/tr><tr><td class=\"has-text-align-left\" data-align=\"left\">Institucionalizaci\u00f3n de buenas pr\u00e1cticas ambientales en el \u00e1rea econ\u00f3mica local San Nicol\u00e1s<\/td><td class=\"has-text-align-center\" data-align=\"center\">Tecnolog\u00eda de las Organizaciones<\/td><td class=\"has-text-align-center\" data-align=\"center\">Javier Meretta<\/td><td class=\"has-text-align-center\" data-align=\"center\"><\/td><td class=\"has-text-align-center\" data-align=\"center\"><strong>24 meses<\/strong><br>01\/04\/2023<br>31\/03\/2025<\/td><\/tr><tr><td class=\"has-text-align-left\" data-align=\"left\">Sistema de adquisici\u00f3n de datos para mapas batim\u00e9tricos<\/td><td class=\"has-text-align-center\" data-align=\"center\">Electr\u00f3nica, Inform\u00e1tica y Comunicaciones<\/td><td class=\"has-text-align-center\" data-align=\"center\">Leonardo Garberoglio<\/td><td class=\"has-text-align-center\" data-align=\"center\">Alejandro Lucchesi<\/td><td class=\"has-text-align-center\" data-align=\"center\"><strong>12 meses<\/strong><br>01\/04\/2023<br>31\/03\/2024<\/td><\/tr><\/tbody><\/table><\/figure>\n","protected":false},"excerpt":{"rendered":"<p>Proyectos UTN TITULO TIPO\/ CODIGO DIRECTOR CODIRECTOR DURACION Textura, microtextura y propiedades en productos planos de metales y aleaciones de alta resistencia obtenidos por SPD PID-UTN equipos consolidados tipo A<\/p>\n","protected":false},"author":2,"featured_media":0,"parent":177,"menu_order":3,"comment_status":"closed","ping_status":"closed","template":"","meta":[],"_links":{"self":[{"href":"https:\/\/www.frsn.utn.edu.ar\/index.php?rest_route=\/wp\/v2\/pages\/198"}],"collection":[{"href":"https:\/\/www.frsn.utn.edu.ar\/index.php?rest_route=\/wp\/v2\/pages"}],"about":[{"href":"https:\/\/www.frsn.utn.edu.ar\/index.php?rest_route=\/wp\/v2\/types\/page"}],"author":[{"embeddable":true,"href":"https:\/\/www.frsn.utn.edu.ar\/index.php?rest_route=\/wp\/v2\/users\/2"}],"replies":[{"embeddable":true,"href":"https:\/\/www.frsn.utn.edu.ar\/index.php?rest_route=%2Fwp%2Fv2%2Fcomments&post=198"}],"version-history":[{"count":3,"href":"https:\/\/www.frsn.utn.edu.ar\/index.php?rest_route=\/wp\/v2\/pages\/198\/revisions"}],"predecessor-version":[{"id":4381,"href":"https:\/\/www.frsn.utn.edu.ar\/index.php?rest_route=\/wp\/v2\/pages\/198\/revisions\/4381"}],"up":[{"embeddable":true,"href":"https:\/\/www.frsn.utn.edu.ar\/index.php?rest_route=\/wp\/v2\/pages\/177"}],"wp:attachment":[{"href":"https:\/\/www.frsn.utn.edu.ar\/index.php?rest_route=%2Fwp%2Fv2%2Fmedia&parent=198"}],"curies":[{"name":"wp","href":"https:\/\/api.w.org\/{rel}","templated":true}]}}