{"id":196,"date":"2018-10-25T14:44:21","date_gmt":"2018-10-25T17:44:21","guid":{"rendered":"https:\/\/frsnweb2.frsn.utn.edu.ar\/?page_id=196"},"modified":"2018-10-25T14:44:21","modified_gmt":"2018-10-25T17:44:21","slug":"tecnologias-moviles-aplicadas-a-la-educacion","status":"publish","type":"page","link":"https:\/\/www.frsn.utn.edu.ar\/?page_id=196","title":{"rendered":"TECNOLOG\u00cdAS M\u00d3VILES APLICADAS A LA EDUCACI\u00d3N"},"content":{"rendered":"<p>TecMovaE es un grupo de investigaci\u00f3n de la Facultad Regional San Nicol\u00e1s, dependiente de la Universidad Tecnol\u00f3gica Nacional, que se dedica a investigar, producir y desarrollar conocimiento, recursos did\u00e1cticos y estrategias de intervenci\u00f3n vinculadas con la implementaci\u00f3n educativa de tecnolog\u00edas m\u00f3viles<\/p>\n<p>Objetivos<\/p>\n<p>Analizar el uso de las tecnolog\u00edas m\u00f3viles en el marco de los procesos de ense\u00f1anza y de aprendizaje en el primer a\u00f1o de la universidad.<br \/>\nAnalizar las opiniones y expectativas que tengan docentes y alumnos sobre la situaci\u00f3n actual y futura.<br \/>\nEstudiar el impacto de la proliferaci\u00f3n de dispositivos m\u00f3viles en la infraestructura existente, y analizar escenarios deseables y posibles.<br \/>\nDeterminar la especificidad propia del nivel universitario en relaci\u00f3n con el uso de las tecnolog\u00edas m\u00f3viles. Analizar y sistematizar similitudes y diferencias con la escuela media.<br \/>\nSistematizar y proponer alternativas que faciliten la implementaci\u00f3n de las tecnolog\u00edas m\u00f3viles en la ense\u00f1anza y en el aprendizaje universitario.<br \/>\nAnalizar y sistematizar desaf\u00edos y oportunidades con la finalidad de construir escenarios posibles para propuestas y alternativas.<br \/>\nDirector<\/p>\n<p>Dr. Alejandro Spiegel<\/p>\n<p>Asesor cient\u00edfico<\/p>\n<p>Dr. Marcelo Milrad<\/p>\n<p>Investigadores<\/p>\n<p>Georgina Rodr\u00edguez<\/p>\n<p>Carolina Sager<\/p>\n<p>Alicia Pe\u00f1a<\/p>\n<p>Melina Salviolo<\/p>\n<p>Susana Ferrarasi<\/p>\n<p>Luc\u00eda Sacco<\/p>\n<p>Carlos Maga<\/p>\n<p>Becario<\/p>\n<p>Daniel Casarino<\/p>\n<p>M\u00e1s informaci\u00f3n en\u00a0http:\/\/www.frsn.utn.edu.ar\/tecmovae\/<\/p>\n","protected":false},"excerpt":{"rendered":"<p>TecMovaE es un grupo de investigaci\u00f3n de la Facultad Regional San Nicol\u00e1s, dependiente de la Universidad Tecnol\u00f3gica Nacional, que se dedica a investigar, producir y desarrollar conocimiento, recursos did\u00e1cticos y<\/p>\n","protected":false},"author":2,"featured_media":0,"parent":181,"menu_order":7,"comment_status":"closed","ping_status":"closed","template":"","meta":[],"_links":{"self":[{"href":"https:\/\/www.frsn.utn.edu.ar\/index.php?rest_route=\/wp\/v2\/pages\/196"}],"collection":[{"href":"https:\/\/www.frsn.utn.edu.ar\/index.php?rest_route=\/wp\/v2\/pages"}],"about":[{"href":"https:\/\/www.frsn.utn.edu.ar\/index.php?rest_route=\/wp\/v2\/types\/page"}],"author":[{"embeddable":true,"href":"https:\/\/www.frsn.utn.edu.ar\/index.php?rest_route=\/wp\/v2\/users\/2"}],"replies":[{"embeddable":true,"href":"https:\/\/www.frsn.utn.edu.ar\/index.php?rest_route=%2Fwp%2Fv2%2Fcomments&post=196"}],"version-history":[{"count":1,"href":"https:\/\/www.frsn.utn.edu.ar\/index.php?rest_route=\/wp\/v2\/pages\/196\/revisions"}],"predecessor-version":[{"id":197,"href":"https:\/\/www.frsn.utn.edu.ar\/index.php?rest_route=\/wp\/v2\/pages\/196\/revisions\/197"}],"up":[{"embeddable":true,"href":"https:\/\/www.frsn.utn.edu.ar\/index.php?rest_route=\/wp\/v2\/pages\/181"}],"wp:attachment":[{"href":"https:\/\/www.frsn.utn.edu.ar\/index.php?rest_route=%2Fwp%2Fv2%2Fmedia&parent=196"}],"curies":[{"name":"wp","href":"https:\/\/api.w.org\/{rel}","templated":true}]}}