{"id":193,"date":"2018-10-25T14:43:11","date_gmt":"2018-10-25T17:43:11","guid":{"rendered":"https:\/\/frsnweb2.frsn.utn.edu.ar\/?page_id=193"},"modified":"2018-10-25T14:43:22","modified_gmt":"2018-10-25T17:43:22","slug":"grupo-de-analisis-desarrollos-e-investigaciones-biomedicas","status":"publish","type":"page","link":"https:\/\/www.frsn.utn.edu.ar\/?page_id=193","title":{"rendered":"GRUPO DE AN\u00c1LISIS, DESARROLLOS E INVESTIGACIONES BIOM\u00c9DICAS"},"content":{"rendered":"<p>El grupo inici\u00f3 sus actividades a mediados del a\u00f1o 2000 para tratar de satisfacer la creciente necesidad en la\u00a0investigaci\u00f3n de se\u00f1ales biom\u00e9dicas y desarrollos de equipos en nuestro pa\u00eds e insertarlo en el marco institucional de la Facultad y del convenio entre \u00e9sta y el Ministerio de Salud de la Provincia de Buenos Aires por el cual la facultad se hace cargo del mantenimiento, mejora e instalaciones de equipos hospitalarios.<\/p>\n<p>Por tal motivo, sobre las bases de un grupo de investigadores con experiencia de la Universidad Favaloro como el Dr. Carlos D&#8217;Attellis y de la Facultad Regional San Nicol\u00e1s Ing. Sergio Ponce se forma este grupo, con la colaboraci\u00f3n y apoyo de los directivos de la FRSN Ing. Neor\u00e9n Franco y el Dr. Roberto Calligaris.<\/p>\n<p>Otra de las razones para el nacimiento del grupo era fortificar las actividades que se estaban realizando en varios hospitales de la provincia de Buenos Aires desde el a\u00f1o 1992. De esta manera la FRSN dentro de la Bioingenier\u00eda, contaba con el \u00e1rea de Servicios e Investigaci\u00f3n y Desarrollos.<\/p>\n<p>Mas adelante, especificamente en el a\u00f1o 2002, se incorpor\u00f3 la Actividad Acad\u00e9mica a trav\u00e9s del dictado de una Carrera de Posgrado de Especialista en Ingenier\u00eda Cl\u00ednica.<\/p>\n<p>Las actividades comenzaron con reuniones, planificaci\u00f3n de las actividades, es decir sentando los cimientos del grupo en diferentes lugares hasta instalarse definitivamente en un sal\u00f3n equipado adecuadamente en el primer piso de la FRSN. Actualmente el grupo est\u00e1 trabajando en diferentes proyectos en conjunto con grupos de otras facultades dirigidos por el Dr. Carlos D&#8217;Attellis.<\/p>\n<p>Organizaci\u00f3n<\/p>\n<p>Director: Dr. Carlos D&#8217;Attellis (UTN &#8211; Univ. Favaloro).<\/p>\n<p>Coordinador: Ing. Sergio Ponce (UTN &#8211; FRSN).<\/p>\n<p>Miembros: Ing. Mauricio Caggioli (UTN &#8211; FRSN).<\/p>\n<p>Ing. Mart\u00edn Roberti (UTN &#8211; FRSN).<\/p>\n<p>Ing. Victor Ar\u00e9valo (UTN &#8211; FRSN).<\/p>\n<p>M\u00e1s informaci\u00f3n en\u00a0http:\/\/www.gadib.com.ar\/<\/p>\n","protected":false},"excerpt":{"rendered":"<p>El grupo inici\u00f3 sus actividades a mediados del a\u00f1o 2000 para tratar de satisfacer la creciente necesidad en la\u00a0investigaci\u00f3n de se\u00f1ales biom\u00e9dicas y desarrollos de equipos en nuestro pa\u00eds e<\/p>\n","protected":false},"author":2,"featured_media":0,"parent":181,"menu_order":6,"comment_status":"closed","ping_status":"closed","template":"","meta":[],"_links":{"self":[{"href":"https:\/\/www.frsn.utn.edu.ar\/index.php?rest_route=\/wp\/v2\/pages\/193"}],"collection":[{"href":"https:\/\/www.frsn.utn.edu.ar\/index.php?rest_route=\/wp\/v2\/pages"}],"about":[{"href":"https:\/\/www.frsn.utn.edu.ar\/index.php?rest_route=\/wp\/v2\/types\/page"}],"author":[{"embeddable":true,"href":"https:\/\/www.frsn.utn.edu.ar\/index.php?rest_route=\/wp\/v2\/users\/2"}],"replies":[{"embeddable":true,"href":"https:\/\/www.frsn.utn.edu.ar\/index.php?rest_route=%2Fwp%2Fv2%2Fcomments&post=193"}],"version-history":[{"count":2,"href":"https:\/\/www.frsn.utn.edu.ar\/index.php?rest_route=\/wp\/v2\/pages\/193\/revisions"}],"predecessor-version":[{"id":195,"href":"https:\/\/www.frsn.utn.edu.ar\/index.php?rest_route=\/wp\/v2\/pages\/193\/revisions\/195"}],"up":[{"embeddable":true,"href":"https:\/\/www.frsn.utn.edu.ar\/index.php?rest_route=\/wp\/v2\/pages\/181"}],"wp:attachment":[{"href":"https:\/\/www.frsn.utn.edu.ar\/index.php?rest_route=%2Fwp%2Fv2%2Fmedia&parent=193"}],"curies":[{"name":"wp","href":"https:\/\/api.w.org\/{rel}","templated":true}]}}