{"id":185,"date":"2018-10-25T14:36:58","date_gmt":"2018-10-25T17:36:58","guid":{"rendered":"https:\/\/frsnweb2.frsn.utn.edu.ar\/?page_id=185"},"modified":"2018-10-25T14:36:58","modified_gmt":"2018-10-25T17:36:58","slug":"grupo-de-estudio-de-meca%c2%81nica-computacional","status":"publish","type":"page","link":"https:\/\/www.frsn.utn.edu.ar\/?page_id=185","title":{"rendered":"GRUPO DE ESTUDIO DE MEC\u00c1\u0081NICA COMPUTACIONAL"},"content":{"rendered":"<p>El GEMECO de la Facultad Regional San Nicol\u00e1s se dedica al estudio de problemas que requieren la utilizaci\u00f3n de m\u00e9todos num\u00e9ricos y computacionales para su comprensi\u00f3n y an\u00e1lisis. En general, se trata de problemas ingenieriles que, por su complejidad o costo, no pueden ser estudiados mediante modelos f\u00edsicos o con t\u00e9cnicas de estudio anal\u00edticas convencionales. Por ello normalmente se recurre a la simulaci\u00f3n por elementos finitos. El grupo ha trabajado en el modelado de problemas estructurales, de fluidos y t\u00e9rmicos con el prop\u00f3sito de asesorar a empresas,\u00a0 avanzar en el conocimiento de estos problemas y aportar\u00a0nuevos elementos a la formaci\u00f3n de los profesionales de la FRSN.<\/p>\n<p>Proyecto vigente<\/p>\n<p>\u201cAn\u00e1lisis estructural de tanques semirremolques fabricados en argentina\u201d Disposici\u00f3n SCTyP 70\/14<\/p>\n<p>Las empresas fabricantes de unidades tanques semirremolques, est\u00e1n trabajando permanentemente en optimizar el dise\u00f1o con el prop\u00f3sito de obtener las m\u00ednimas taras de estos equipos y lograr as\u00ed una mayor capacidad de carga. La experiencia demuestra que estos dise\u00f1os suelen fallar en sus estructuras provocando roturas en las unidades, que obligan a pararlas para su reparaci\u00f3n, generando como consecuencia p\u00e9rdidas en la rentabilidad del transportista. El departamento de Mec\u00e1nica de la Facultad Regional San Nicol\u00e1s, dependiente de la UTN, mantiene un convenio firmado de cooperaci\u00f3n mutua con una de las empresas fabricantes de tanques semirremolques. Al amparo de dicho convenio, se formula un proyecto de desarrollo donde un equipo de profesionales e investigadores de ambas instituciones trabajan en el an\u00e1lisis estructural de los tanques semirremolques con el prop\u00f3sito de optimizar su dise\u00f1o, mejorar el conocimiento acerca de c\u00f3mo funcionan y la confiabilidad de los mismos.<\/p>\n<p>Trabajos\u00a0 recientes<\/p>\n<p>XI CIBIM 2013.\u00a0\u201cComportamiento Din\u00e1mico de la Estructura de Adaptaci\u00f3n del Tercer Eje, Instalada en los Tractores de Semi Remolque\u201d<br \/>\nCOCIM 2012.\u00a0\u201cComportamiento de la Estructura de Adaptaci\u00f3n del Tercer Eje, Instalada en los Tractores de Semirremolques.\u201d<br \/>\nRevista M&amp;E Maquinas y Equipos\u00a02012.\u00a0\u201cUtilizaci\u00f3n de Modelos de Agua en el estudio Fluido din\u00e1mico de las etapas del proceso de Colada Continua de Acero\u00bb Parte 1 y Parte 2<\/p>\n","protected":false},"excerpt":{"rendered":"<p>El GEMECO de la Facultad Regional San Nicol\u00e1s se dedica al estudio de problemas que requieren la utilizaci\u00f3n de m\u00e9todos num\u00e9ricos y computacionales para su comprensi\u00f3n y an\u00e1lisis. En general,<\/p>\n","protected":false},"author":2,"featured_media":0,"parent":181,"menu_order":2,"comment_status":"closed","ping_status":"closed","template":"","meta":[],"_links":{"self":[{"href":"https:\/\/www.frsn.utn.edu.ar\/index.php?rest_route=\/wp\/v2\/pages\/185"}],"collection":[{"href":"https:\/\/www.frsn.utn.edu.ar\/index.php?rest_route=\/wp\/v2\/pages"}],"about":[{"href":"https:\/\/www.frsn.utn.edu.ar\/index.php?rest_route=\/wp\/v2\/types\/page"}],"author":[{"embeddable":true,"href":"https:\/\/www.frsn.utn.edu.ar\/index.php?rest_route=\/wp\/v2\/users\/2"}],"replies":[{"embeddable":true,"href":"https:\/\/www.frsn.utn.edu.ar\/index.php?rest_route=%2Fwp%2Fv2%2Fcomments&post=185"}],"version-history":[{"count":1,"href":"https:\/\/www.frsn.utn.edu.ar\/index.php?rest_route=\/wp\/v2\/pages\/185\/revisions"}],"predecessor-version":[{"id":186,"href":"https:\/\/www.frsn.utn.edu.ar\/index.php?rest_route=\/wp\/v2\/pages\/185\/revisions\/186"}],"up":[{"embeddable":true,"href":"https:\/\/www.frsn.utn.edu.ar\/index.php?rest_route=\/wp\/v2\/pages\/181"}],"wp:attachment":[{"href":"https:\/\/www.frsn.utn.edu.ar\/index.php?rest_route=%2Fwp%2Fv2%2Fmedia&parent=185"}],"curies":[{"name":"wp","href":"https:\/\/api.w.org\/{rel}","templated":true}]}}