{"id":183,"date":"2018-10-25T14:35:55","date_gmt":"2018-10-25T17:35:55","guid":{"rendered":"https:\/\/frsnweb2.frsn.utn.edu.ar\/?page_id=183"},"modified":"2018-10-25T14:35:55","modified_gmt":"2018-10-25T17:35:55","slug":"grupo-de-investigacion-en-vibraciones-mecanicas","status":"publish","type":"page","link":"https:\/\/www.frsn.utn.edu.ar\/?page_id=183","title":{"rendered":"GRUPO DE INVESTIGACI\u00d3N EN VIBRACIONES MEC\u00c1NICAS"},"content":{"rendered":"<p>El GIVM de la Facultad Regional San Nicol\u00e1s estudia t\u00e9cnicas an\u00e1lisis de vibraciones y correcci\u00f3n in situ, usando los datos provenientes de las se\u00f1ales de medici\u00f3n de la vibraci\u00f3n de las m\u00e1quinas.\u00a0 En sus primeros a\u00f1os, el trabajo del grupo se ha centrado principalmente en el estudio e implementaci\u00f3n de t\u00e9cnicas de balanceo para grandes rotores industriales, usando m\u00e9todos multi-planos y con varias velocidades de prueba. Actualmente se encuentra trabajando en el estudio de problemas de din\u00e1mica de rotores donde intervienen el desbalance, la desalineaci\u00f3n y los fen\u00f3menos del lubricaci\u00f3n como el batido de aceite. Para ello, se trabajar\u00e1 en el estudio de modelos num\u00e9ricos de los rotores y el dise\u00f1o de nuevos equipos experimentales para obtener datos de estos fen\u00f3menos f\u00edsicos.<\/p>\n<p>Proyecto vigente<\/p>\n<p>\u201cInvestigaci\u00f3n experimental\u00a0y num\u00e9rica en la respuesta din\u00e1mica de diferentes fen\u00f3menos de vibraci\u00f3n t\u00edpicos en rotores\u201d Disposici\u00f3n SCTyP 69\/14<\/p>\n<p>El objetivo de este proyecto es estudiar num\u00e9ricamente y experimentalmente distintos fen\u00f3menos que afectan, en forma separada y simultanea, a los rotores industriales como los que se encuentran en las turbo m\u00e1quinas de las centrales de generaci\u00f3n de energ\u00eda el\u00e9ctrica. Se comenzar\u00e1 con el estudio y construcci\u00f3n de modelos num\u00e9ricos que permitan simular problemas de desbalance y desalineaci\u00f3n, para luego analizar su influencia sobre los fen\u00f3menos que ocurren en los cojinetes de lubricaci\u00f3n como ser el batido de aceite. En la primera etapa junto con al construcci\u00f3n de los modelos num\u00e9ricos se dise\u00f1ar\u00e1 el equipamiento para validar experimentalmente estos modelos. El conocimiento de modelos num\u00e9ricos de estos fen\u00f3menos que reflejen el comportamiento f\u00edsico en forma precisa es punto de partida para diagnostico de fallas usando modelos matem\u00e1ticos, una de las herramientas aun en desarrollando dentro del campo del an\u00e1lisis de vibraciones.<\/p>\n<p>Trabajos\u00a0 recientes<\/p>\n<p>CAIM 2014. \u201cImplementaci\u00f3n de herramientas de an\u00e1lisis modal y balanceo de rotores flexibles\u201d<br \/>\nXI CIBIM 2013.\u00a0\u201cAn\u00e1lisis modal y balanceo de un turbogenerador de energ\u00eda el\u00e9ctrica\u201d<br \/>\nCAIM 2012.\u00a0\u201cAplicaci\u00f3n del m\u00e9todo de la matriz de transferencia para la determinaci\u00f3n de las formas modales y velocidades cr\u00edticas en rotores flexibles\u201d<br \/>\nCAIM 2010.\u00a0\u201cAplicaci\u00f3n del m\u00e9todo de balanceo por m\u00ednimos cuadrados a una turbina a vapor de una central el\u00e9ctrica\u201d<\/p>\n","protected":false},"excerpt":{"rendered":"<p>El GIVM de la Facultad Regional San Nicol\u00e1s estudia t\u00e9cnicas an\u00e1lisis de vibraciones y correcci\u00f3n in situ, usando los datos provenientes de las se\u00f1ales de medici\u00f3n de la vibraci\u00f3n de<\/p>\n","protected":false},"author":2,"featured_media":0,"parent":181,"menu_order":1,"comment_status":"closed","ping_status":"closed","template":"","meta":[],"_links":{"self":[{"href":"https:\/\/www.frsn.utn.edu.ar\/index.php?rest_route=\/wp\/v2\/pages\/183"}],"collection":[{"href":"https:\/\/www.frsn.utn.edu.ar\/index.php?rest_route=\/wp\/v2\/pages"}],"about":[{"href":"https:\/\/www.frsn.utn.edu.ar\/index.php?rest_route=\/wp\/v2\/types\/page"}],"author":[{"embeddable":true,"href":"https:\/\/www.frsn.utn.edu.ar\/index.php?rest_route=\/wp\/v2\/users\/2"}],"replies":[{"embeddable":true,"href":"https:\/\/www.frsn.utn.edu.ar\/index.php?rest_route=%2Fwp%2Fv2%2Fcomments&post=183"}],"version-history":[{"count":1,"href":"https:\/\/www.frsn.utn.edu.ar\/index.php?rest_route=\/wp\/v2\/pages\/183\/revisions"}],"predecessor-version":[{"id":184,"href":"https:\/\/www.frsn.utn.edu.ar\/index.php?rest_route=\/wp\/v2\/pages\/183\/revisions\/184"}],"up":[{"embeddable":true,"href":"https:\/\/www.frsn.utn.edu.ar\/index.php?rest_route=\/wp\/v2\/pages\/181"}],"wp:attachment":[{"href":"https:\/\/www.frsn.utn.edu.ar\/index.php?rest_route=%2Fwp%2Fv2%2Fmedia&parent=183"}],"curies":[{"name":"wp","href":"https:\/\/api.w.org\/{rel}","templated":true}]}}