{"id":179,"date":"2018-10-25T14:32:37","date_gmt":"2018-10-25T17:32:37","guid":{"rendered":"https:\/\/frsnweb2.frsn.utn.edu.ar\/?page_id=179"},"modified":"2018-10-25T14:32:37","modified_gmt":"2018-10-25T17:32:37","slug":"centros-utn","status":"publish","type":"page","link":"https:\/\/www.frsn.utn.edu.ar\/?page_id=179","title":{"rendered":"Centros UTN"},"content":{"rendered":"<p>Los Centros UTN constituyen polos de creaci\u00f3n de nuevos conocimientos a trav\u00e9s de su producci\u00f3n cient\u00edfica, constituyendo adem\u00e1s una actividad acad\u00e9mica importante en las Facultades Regionales. Los Centros UTN tienen autonom\u00eda en el aspecto cient\u00edfico-tecnol\u00f3gico, estando a su cargo la formulaci\u00f3n de planes de trabajo, evaluaci\u00f3n y supervisi\u00f3n de su ejecuci\u00f3n. Anualmente se eleva una memoria, junto con un programa de actividades del a\u00f1o entrante, para la aprobaci\u00f3n de la Secretaria de Ciencia y Tecnolog\u00eda.<\/p>\n<p>Los Centros est\u00e1n compuestos por:<\/p>\n<ul>\n<li>Director y Vicedirector (con Categor\u00eda A o B de la Carrera de Investigador UTN)<\/li>\n<li>Consejo Ejecutivo (Investigadores del Centro UTN y de la FRSN)<\/li>\n<li>Investigadores (con un m\u00ednimo de 7 docentes investigadores)<\/li>\n<li>Personal t\u00e9cnico y administrativo (optativo).<\/li>\n<\/ul>\n<p>El Centro de Desarrollo y Tecnolog\u00eda de Materiales (DEYTEMA) fue creado por Resoluci\u00f3n 409\/95 del Consejo Superior Universitario de la Universidad Tecnol\u00f3gica Nacional y desarrolla sus actividades en la Facultad Regional San Nicol\u00e1s.<\/p>\n<p>La misi\u00f3n del centro es:<\/p>\n<ul>\n<li>Elaborar y ejecutar proyectos de investigaci\u00f3n, desarrollo e innovaci\u00f3n en el \u00e1rea de los materiales.<\/li>\n<li>Contribuir a la formaci\u00f3n de recursos humanos en el \u00e1rea espec\u00edfica.<\/li>\n<li>Realizar cursos de posgrado y especializaci\u00f3n.<\/li>\n<li>Prestar asesoramiento a las instituciones que as\u00ed lo requieran.<\/li>\n<li>Difundir los temas de su especialidad.<\/li>\n<li>Promover el uso de nuevas tecnolog\u00edas.<\/li>\n<li>Establecer y mantener una fluida comunicaci\u00f3n con el sistema productivo nacional.<\/li>\n<li>Organizar y participar en reuniones cient\u00edficas, cursos y seminarios.<\/li>\n<li>Colaborar con los requerimientos de la Secretaria de Ciencia y Tecnolog\u00eda.<\/li>\n<\/ul>\n<table border=\"1\" width=\"700\" cellspacing=\"0\" cellpadding=\"0\" align=\"center\">\n<tbody>\n<tr>\n<td>\n<p style=\"text-align: center;\"><strong>L\u00ednea de Investigaci\u00f3n<\/strong><\/p>\n<\/td>\n<td style=\"text-align: center;\"><strong>Dependencia<\/strong><\/td>\n<td style=\"text-align: center;\"><strong>Responsable<\/strong><\/td>\n<td style=\"text-align: center;\"><strong>Contacto<\/strong><\/td>\n<\/tr>\n<tr>\n<td style=\"text-align: center;\">Soldadura<\/td>\n<td style=\"text-align: center;\">Metalurgia \/ DEYTEMA<\/td>\n<td style=\"text-align: center;\">Mabel Ramini<\/td>\n<td>\n<p style=\"text-align: center;\">mramini@frsn.utn.edu.ar<\/p>\n<\/td>\n<\/tr>\n<tr>\n<td>\n<p style=\"text-align: center;\">Materiales Refractarios y Cer\u00e1micos<\/p>\n<\/td>\n<td style=\"text-align: center;\">Metalurgia \/ DEYTEMA<\/td>\n<td style=\"text-align: center;\">Edgardo Benavidez<\/td>\n<td style=\"text-align: center;\">ebenavidez@frsn.utn.edu.ar<\/td>\n<\/tr>\n<tr>\n<td style=\"text-align: center;\">Tecnolog\u00eda de Procesos<\/td>\n<td style=\"text-align: center;\">Metalurgia \/ DEYTEMA<\/td>\n<td style=\"text-align: center;\">Elena Brandaleze<\/td>\n<td>\n<p style=\"text-align: center;\">ebrandaleze@frsn.utn.edu.ar<\/p>\n<\/td>\n<\/tr>\n<tr>\n<td>\n<p style=\"text-align: center;\">Fisicoqu\u00edmica de Alta Temperatura<\/p>\n<\/td>\n<td style=\"text-align: center;\">Metalurgia \/ DEYTEMA<\/td>\n<td style=\"text-align: center;\">Elena Brandaleze<\/td>\n<td>\n<p style=\"text-align: center;\">ebrandaleze@frsn.utn.edu.ar<\/p>\n<\/td>\n<\/tr>\n<tr>\n<td>\n<p style=\"text-align: center;\">Metalurgia F\u00edsica<\/p>\n<\/td>\n<td style=\"text-align: center;\">Metalurgia \/ DEYTEMA<\/td>\n<td style=\"text-align: center;\">Graciela Mansilla<\/td>\n<td>\n<p style=\"text-align: center;\">gmansilla@frsn.utn.edu.ar<\/p>\n<\/td>\n<\/tr>\n<\/tbody>\n<\/table>\n<p style=\"text-align: center;\">(*)\u00a0\u00a0 DEYTEMA: Centro de Desarrollo y Tecnolog\u00eda de Materiales.<\/p>\n","protected":false},"excerpt":{"rendered":"<p>Los Centros UTN constituyen polos de creaci\u00f3n de nuevos conocimientos a trav\u00e9s de su producci\u00f3n cient\u00edfica, constituyendo adem\u00e1s una actividad acad\u00e9mica importante en las Facultades Regionales. Los Centros UTN tienen<\/p>\n","protected":false},"author":2,"featured_media":0,"parent":177,"menu_order":1,"comment_status":"closed","ping_status":"closed","template":"","meta":[],"_links":{"self":[{"href":"https:\/\/www.frsn.utn.edu.ar\/index.php?rest_route=\/wp\/v2\/pages\/179"}],"collection":[{"href":"https:\/\/www.frsn.utn.edu.ar\/index.php?rest_route=\/wp\/v2\/pages"}],"about":[{"href":"https:\/\/www.frsn.utn.edu.ar\/index.php?rest_route=\/wp\/v2\/types\/page"}],"author":[{"embeddable":true,"href":"https:\/\/www.frsn.utn.edu.ar\/index.php?rest_route=\/wp\/v2\/users\/2"}],"replies":[{"embeddable":true,"href":"https:\/\/www.frsn.utn.edu.ar\/index.php?rest_route=%2Fwp%2Fv2%2Fcomments&post=179"}],"version-history":[{"count":1,"href":"https:\/\/www.frsn.utn.edu.ar\/index.php?rest_route=\/wp\/v2\/pages\/179\/revisions"}],"predecessor-version":[{"id":180,"href":"https:\/\/www.frsn.utn.edu.ar\/index.php?rest_route=\/wp\/v2\/pages\/179\/revisions\/180"}],"up":[{"embeddable":true,"href":"https:\/\/www.frsn.utn.edu.ar\/index.php?rest_route=\/wp\/v2\/pages\/177"}],"wp:attachment":[{"href":"https:\/\/www.frsn.utn.edu.ar\/index.php?rest_route=%2Fwp%2Fv2%2Fmedia&parent=179"}],"curies":[{"name":"wp","href":"https:\/\/api.w.org\/{rel}","templated":true}]}}