{"id":17,"date":"2018-10-04T14:41:47","date_gmt":"2018-10-04T17:41:47","guid":{"rendered":"http:\/\/wordpress-test.frsn.utn.edu.ar\/?page_id=17"},"modified":"2019-09-20T17:14:19","modified_gmt":"2019-09-20T20:14:19","slug":"nuestra-historia","status":"publish","type":"page","link":"https:\/\/www.frsn.utn.edu.ar\/?page_id=17","title":{"rendered":"Nuestra historia"},"content":{"rendered":"<p><img decoding=\"async\" loading=\"lazy\" class=\"aligncenter size-full wp-image-2192\" src=\"https:\/\/www.frsn.utn.edu.ar\/wp-content\/uploads\/2019\/04\/Imagen1.png\" alt=\"\" width=\"868\" height=\"565\" srcset=\"https:\/\/www.frsn.utn.edu.ar\/wp-content\/uploads\/2019\/04\/Imagen1.png 868w, https:\/\/www.frsn.utn.edu.ar\/wp-content\/uploads\/2019\/04\/Imagen1-300x195.png 300w, https:\/\/www.frsn.utn.edu.ar\/wp-content\/uploads\/2019\/04\/Imagen1-768x500.png 768w\" sizes=\"(max-width: 868px) 100vw, 868px\" \/><\/p>\n<p>La Facultad Regional San Nicol\u00e1s (FRSN) nace en el a\u00f1o 1964, en el marco del auge del desarrollo sider\u00fargico en San Nicol\u00e1s de los Arroyos y la regi\u00f3n. Por ello se explica que sus ingresantes en un principio eran, en su mayor\u00eda, t\u00e9cnicos y trabajadores de la industria que aspiraban a alcanzar el t\u00edtulo de ingenieros de planta y de obra.<\/p>\n<p>El floreciente desarrollo industrial caracter\u00edstico de la d\u00e9cada del \u00b460 en esta regi\u00f3n colabor\u00f3 con el crecimiento de una pujante fuerza productiva. San Nicol\u00e1s y la regi\u00f3n se vieron favorecidos con el surgimiento de enormes f\u00e1bricas de acero, de la industria qu\u00edmica, de alcohol, energ\u00e9ticas, entre otras, teniendo como consecuencia el incremento de la necesidad de mano de obra calificada para su funcionamiento. Esta necesidad fue atendida por un grupo de entidades intermedias y vecinos de la ciudad, quienes comenzaron a gestionar la creaci\u00f3n de un instituto superior que pudiera suplir este pedido.<\/p>\n<p>Ante esto, el entonces Diputado Nacional Dr. Ricardo Fern\u00e1ndez Irujo llev\u00f3 adelante la Ley N\u00b0 15.997, sancionada el 30 de octubre de 1961, por la cual se crea la denominada Facultad del Norte de la Provincia de Buenos Aires. La necesidad de ingenieros metal\u00fargicos, mec\u00e1nicos y el\u00e9ctricos acerc\u00f3 a los aspirantes r\u00e1pidamente a la Facultad, comenzando as\u00ed a generarse la Comunidad Universitaria.<\/p>\n<p>En sus comienzos, la Facultad del Norte de la Provincia de Buenos Aires dict\u00f3 sus clases en las aulas de la E.N.E.T. N\u00b0 1 y en la Escuela N\u00b0 6, hasta que la Administraci\u00f3n Nacional de Puertos cedi\u00f3 el terreno donde se encuentra actualmente, a la vera del R\u00edo Paran\u00e1.<\/p>\n<p>En ese entonces las metas eran simples: la graduaci\u00f3n de los primeros ingenieros y la construcci\u00f3n del edificio propio. Hoy se transformaron en la b\u00fasqueda de la excelencia acad\u00e9mica, la generaci\u00f3n de conocimientos a trav\u00e9s de la investigaci\u00f3n, la vinculaci\u00f3n estrecha con los sectores productivos y de servicios, la formaci\u00f3n y especializaci\u00f3n permanente de sus propios graduados, todo ello en instalaciones que pretenden albergar c\u00f3moda y funcionalmente a los integrantes de la comunidad universitaria y social, para que en una gesti\u00f3n abierta y participativa, la innovaci\u00f3n y la reforma permanente se constituyan en voluntad de cambio, efectivo y constante.<\/p>\n<p>La Universidad Tecnol\u00f3gica Nacional<\/p>\n<p>El origen de la Universidad Tecnol\u00f3gica Nacional (UTN) est\u00e1 relacionado con la situaci\u00f3n pol\u00edtico-econ\u00f3mica que viv\u00eda el pa\u00eds en la d\u00e9cada del 40. Una vez finalizada la segunda guerra mundial, la Universidad transita un camino hacia un sistema masificado de Educaci\u00f3n Superior. La sanci\u00f3n de nuevas leyes en 1947 y 1954 postula un acercamiento de la Universidad al fen\u00f3meno social. En el terreno econ\u00f3mico, la acumulaci\u00f3n de divisas producidas por el intercambio y la necesidad de una planificaci\u00f3n de las actividades orientadas a la consolidaci\u00f3n y expansi\u00f3n de la industria nacional, hicieron necesario formar recursos humanos que respondieran a la nueva realidad econ\u00f3mica de la Rep\u00fablica Argentina.<\/p>\n<p>El desarrollo industrial que experiment\u00f3 el pa\u00eds provoc\u00f3 un aumento en la demanda de operarios, artesanos, t\u00e9cnicos e ingenieros, competencias que los profesionales tradicionales no estaban preparados para cubrir. En este marco se organiza en el a\u00f1o 1946 la Comisi\u00f3n Nacional de Aprendizaje y Orientaci\u00f3n Profesional (C.N.A.O.P.) la cual funda las llamadas \u201cEscuelas F\u00e1bricas\u201d y en 1948 crea la Universidad Obrera Nacional (U.O.N.), que ten\u00eda por finalidad la formaci\u00f3n de ingenieros de f\u00e1brica.<\/p>\n<p>Esta casa de estudios, dependiente de la citada comisi\u00f3n tiene su origen en la Ley n\u00ba 13.229. El 14 de octubre de 1959 fue sancionada la Ley n\u00ba 14.855 por la cual se le confiere oficialmente autarqu\u00eda y pasa a denominarse Universidad Tecnol\u00f3gica Nacional.<\/p>\n<p>La UTN fue la novena Universidad Nacional existente en aquella \u00e9poca, precedida por las de C\u00f3rdoba, Buenos Aires, La Plata, Tucum\u00e1n, Litoral, Cuyo, Nordeste y Sur. En C\u00f3rdoba los cursos comenzaron a dictarse el 15 de marzo de 1953 y en breve lo hicieron las facultades de Buenos Aires, Santa Fe, Rosario y Mendoza.<\/p>\n<p>En su estatuto, la Universidad Tecnol\u00f3gica Nacional se define como \u00abuna instituci\u00f3n de estudios superiores con la misi\u00f3n espec\u00edfica de crear, preservar y transmitir la t\u00e9cnica y la cultura universal en el campo de la tecnolog\u00eda\u00bb.-<\/p>\n","protected":false},"excerpt":{"rendered":"<p>La Facultad Regional San Nicol\u00e1s (FRSN) nace en el a\u00f1o 1964, en el marco del auge del desarrollo sider\u00fargico en San Nicol\u00e1s de los Arroyos y la regi\u00f3n. Por ello<\/p>\n","protected":false},"author":2,"featured_media":2457,"parent":15,"menu_order":1,"comment_status":"closed","ping_status":"closed","template":"","meta":[],"_links":{"self":[{"href":"https:\/\/www.frsn.utn.edu.ar\/index.php?rest_route=\/wp\/v2\/pages\/17"}],"collection":[{"href":"https:\/\/www.frsn.utn.edu.ar\/index.php?rest_route=\/wp\/v2\/pages"}],"about":[{"href":"https:\/\/www.frsn.utn.edu.ar\/index.php?rest_route=\/wp\/v2\/types\/page"}],"author":[{"embeddable":true,"href":"https:\/\/www.frsn.utn.edu.ar\/index.php?rest_route=\/wp\/v2\/users\/2"}],"replies":[{"embeddable":true,"href":"https:\/\/www.frsn.utn.edu.ar\/index.php?rest_route=%2Fwp%2Fv2%2Fcomments&post=17"}],"version-history":[{"count":5,"href":"https:\/\/www.frsn.utn.edu.ar\/index.php?rest_route=\/wp\/v2\/pages\/17\/revisions"}],"predecessor-version":[{"id":2493,"href":"https:\/\/www.frsn.utn.edu.ar\/index.php?rest_route=\/wp\/v2\/pages\/17\/revisions\/2493"}],"up":[{"embeddable":true,"href":"https:\/\/www.frsn.utn.edu.ar\/index.php?rest_route=\/wp\/v2\/pages\/15"}],"wp:featuredmedia":[{"embeddable":true,"href":"https:\/\/www.frsn.utn.edu.ar\/index.php?rest_route=\/wp\/v2\/media\/2457"}],"wp:attachment":[{"href":"https:\/\/www.frsn.utn.edu.ar\/index.php?rest_route=%2Fwp%2Fv2%2Fmedia&parent=17"}],"curies":[{"name":"wp","href":"https:\/\/api.w.org\/{rel}","templated":true}]}}