{"id":15,"date":"2018-10-04T14:39:43","date_gmt":"2018-10-04T17:39:43","guid":{"rendered":"http:\/\/wordpress-test.frsn.utn.edu.ar\/?page_id=15"},"modified":"2020-02-10T17:04:41","modified_gmt":"2020-02-10T20:04:41","slug":"institucional","status":"publish","type":"page","link":"https:\/\/www.frsn.utn.edu.ar\/?page_id=15","title":{"rendered":"Institucional"},"content":{"rendered":"<p>Con un plantel docente de excelencia, con un equipo comprometido de no docentes, con estudiantes dispuestos a enfrentar cada desaf\u00edo y con graduados que participan activamente en el desarrollo de la instituci\u00f3n; nuestra Regional crece d\u00eda a d\u00eda gracias y para su gente.<\/p>\n\n\n<p><\/p>\n","protected":false},"excerpt":{"rendered":"<p>Con un plantel docente de excelencia, con un equipo comprometido de no docentes, con estudiantes dispuestos a enfrentar cada desaf\u00edo y con graduados que participan activamente en el desarrollo de<\/p>\n","protected":false},"author":2,"featured_media":2491,"parent":0,"menu_order":0,"comment_status":"closed","ping_status":"closed","template":"","meta":[],"_links":{"self":[{"href":"https:\/\/www.frsn.utn.edu.ar\/index.php?rest_route=\/wp\/v2\/pages\/15"}],"collection":[{"href":"https:\/\/www.frsn.utn.edu.ar\/index.php?rest_route=\/wp\/v2\/pages"}],"about":[{"href":"https:\/\/www.frsn.utn.edu.ar\/index.php?rest_route=\/wp\/v2\/types\/page"}],"author":[{"embeddable":true,"href":"https:\/\/www.frsn.utn.edu.ar\/index.php?rest_route=\/wp\/v2\/users\/2"}],"replies":[{"embeddable":true,"href":"https:\/\/www.frsn.utn.edu.ar\/index.php?rest_route=%2Fwp%2Fv2%2Fcomments&post=15"}],"version-history":[{"count":9,"href":"https:\/\/www.frsn.utn.edu.ar\/index.php?rest_route=\/wp\/v2\/pages\/15\/revisions"}],"predecessor-version":[{"id":2438,"href":"https:\/\/www.frsn.utn.edu.ar\/index.php?rest_route=\/wp\/v2\/pages\/15\/revisions\/2438"}],"wp:featuredmedia":[{"embeddable":true,"href":"https:\/\/www.frsn.utn.edu.ar\/index.php?rest_route=\/wp\/v2\/media\/2491"}],"wp:attachment":[{"href":"https:\/\/www.frsn.utn.edu.ar\/index.php?rest_route=%2Fwp%2Fv2%2Fmedia&parent=15"}],"curies":[{"name":"wp","href":"https:\/\/api.w.org\/{rel}","templated":true}]}}