{"id":143,"date":"2018-10-24T14:40:26","date_gmt":"2018-10-24T17:40:26","guid":{"rendered":"https:\/\/frsnweb2.frsn.utn.edu.ar\/?page_id=143"},"modified":"2018-10-25T14:01:16","modified_gmt":"2018-10-25T17:01:16","slug":"servicios","status":"publish","type":"page","link":"https:\/\/www.frsn.utn.edu.ar\/?page_id=143","title":{"rendered":"Servicios"},"content":{"rendered":"<p>La Universidad Tecnol\u00f3gica Nacional surgi\u00f3 con las funciones espec\u00edficas de crear, preservar y transmitir la t\u00e9cnica y la cultura universal en el campo de la tecnolog\u00eda, siendo la \u00fanica universidad nacional cuya estructura acad\u00e9mica tiene a las ingenier\u00edas como objetivo central. Este hecho la diferencia, claramente, de las otras universidades. En primer lugar, su estructura acad\u00e9mica, orientada a la ense\u00f1anza de la ingenier\u00eda, constituye un factor esencial para explicar su \u00edntima vinculaci\u00f3n con el sistema productivo. En segundo lugar, su distribuci\u00f3n a lo largo de la Rep\u00fablica Argentina le otorga un rasgo \u00fanico. Nuestra universidad cuenta con veintinueve facultades regionales, una sede en Mar del Plata, un Instituto Nacional del Profesorado T\u00e9cnico y un Centro Tecnol\u00f3gico del Desarrollo Regional; lo que la convierte en \u00a0una universidad federal y en permanente vinculaci\u00f3n con la realidad del sistema socio-productivo del pa\u00eds.<\/p>\n<p>En particular, la Facultad Regional San Nicol\u00e1s (FRSN) se encuentra dentro de la zona norte de la provincia de Buenos Aires y, desde el inicio de sus actividades en 1964, viene colaborando con el desarrollo cient\u00edfico-tecnol\u00f3gico y el fomento de la innovaci\u00f3n productiva a nivel local, nacional e internacional.<\/p>\n<p>El profesionalismo y la confiabilidad son nuestros atributos. Esta manera de comprender nuestro trabajo nos han posicionado como una instituci\u00f3n capaz no s\u00f3lo de otorgar una formaci\u00f3n de excelencia, sino tambi\u00e9n de responder eficientemente a las problem\u00e1ticas de la regi\u00f3n mediante nuestra oferta de servicios.<\/p>\n<p>Como instituci\u00f3n universitaria, uno de nuestros mayores objetivos es promover la ciencia y la tecnolog\u00eda. Por esta raz\u00f3n, diariamente nos esforzamos por democratizar los conocimientos generados en la FRSN, generando respuestas efectivas ante la demanda de transferencia de saberes cient\u00edfico\u2013tecnol\u00f3gicos consecuente con el creciente desarrollo de la regi\u00f3n.<\/p>\n","protected":false},"excerpt":{"rendered":"<p>La Universidad Tecnol\u00f3gica Nacional surgi\u00f3 con las funciones espec\u00edficas de crear, preservar y transmitir la t\u00e9cnica y la cultura universal en el campo de la tecnolog\u00eda, siendo la \u00fanica universidad<\/p>\n","protected":false},"author":2,"featured_media":159,"parent":0,"menu_order":0,"comment_status":"closed","ping_status":"closed","template":"","meta":[],"_links":{"self":[{"href":"https:\/\/www.frsn.utn.edu.ar\/index.php?rest_route=\/wp\/v2\/pages\/143"}],"collection":[{"href":"https:\/\/www.frsn.utn.edu.ar\/index.php?rest_route=\/wp\/v2\/pages"}],"about":[{"href":"https:\/\/www.frsn.utn.edu.ar\/index.php?rest_route=\/wp\/v2\/types\/page"}],"author":[{"embeddable":true,"href":"https:\/\/www.frsn.utn.edu.ar\/index.php?rest_route=\/wp\/v2\/users\/2"}],"replies":[{"embeddable":true,"href":"https:\/\/www.frsn.utn.edu.ar\/index.php?rest_route=%2Fwp%2Fv2%2Fcomments&post=143"}],"version-history":[{"count":2,"href":"https:\/\/www.frsn.utn.edu.ar\/index.php?rest_route=\/wp\/v2\/pages\/143\/revisions"}],"predecessor-version":[{"id":160,"href":"https:\/\/www.frsn.utn.edu.ar\/index.php?rest_route=\/wp\/v2\/pages\/143\/revisions\/160"}],"wp:featuredmedia":[{"embeddable":true,"href":"https:\/\/www.frsn.utn.edu.ar\/index.php?rest_route=\/wp\/v2\/media\/159"}],"wp:attachment":[{"href":"https:\/\/www.frsn.utn.edu.ar\/index.php?rest_route=%2Fwp%2Fv2%2Fmedia&parent=143"}],"curies":[{"name":"wp","href":"https:\/\/api.w.org\/{rel}","templated":true}]}}